{"id":20883,"date":"2022-12-13T15:34:43","date_gmt":"2022-12-13T12:34:43","guid":{"rendered":"https:\/\/www.dokuclinic.com\/risorse-umane"},"modified":"2022-12-13T15:34:43","modified_gmt":"2022-12-13T12:34:43","slug":"risorse-umane","status":"publish","type":"page","link":"https:\/\/www.dokuclinic.com\/it\/risorse-umane","title":{"rendered":"Risorse Umane"},"content":{"rendered":"<p>La nostra politica delle risorse umane \u00e8 quella di fornire l&#8217;ambiente di lavoro pi\u00f9 adatto ai dipendenti per ottenere risultati di qualit\u00e0 e lavorare in modo efficace e felice, con il principio della &#8220;persona giusta per il lavoro giusto&#8221;. Mentre la nostra istituzione fornisce servizi sanitari, l&#8217;approccio innovativo e le tecnologie aggiornate sono riunite. Agiamo partendo dal presupposto che il nostro bene pi\u00f9 prezioso \u00e8 l&#8217;essere umano e la soddisfazione dei dipendenti \u00e8 uno dei valori pi\u00f9 importanti della nostra istituzione.<\/p>\n<p>Il nostro obiettivo \u00e8 quello di impiegare risorse umane istruite e professionali che svilupperanno se stesse, il loro team e la loro azienda, che seguano gli sviluppi della tecnologia.<\/p>\n<p>Il nostro principio delle risorse umane; Con le sue politiche di risorse umane moderne e innovative, crea risorse umane professionali con dipendenti compatibili con il lavoro di squadra, aperti allo sviluppo e all&#8217;innovazione, fortemente motivati, orientati al successo e con appartenenza aziendale.<\/p>\n<p>Per le tue domande di lavoro, puoi candidarti tramite il portale yenibiris.com oppure puoi contattarci inviando il tuo CV all&#8217;indirizzo e-mail info@dokuclinic.com.<\/p>\n<p>Tra i candidati che si candidano per le posizioni aperte, i candidati il \u200b\u200bcui curriculum risulta idoneo ai criteri della posizione sono invitati a un colloquio dalle risorse umane, mentre i candidati ritenuti idonei dopo il colloquio sono invitati a un secondo colloquio con il responsabili di reparto. Il processo di reclutamento si completa quando viene fatta un&#8217;offerta di lavoro dalle risorse umane al candidato, che viene giudicato positivo dai responsabili di funzione in termini di conoscenze ed esperienze professionali.<\/p>\n<p>Fare clic qui per il testo del consenso alla divulgazione dei candidati dei dipendenti KVKK per la protezione e il monitoraggio dei dati personali.<\/p>\n<p>Clicca per accedere alle posizioni aperte.<\/p>\n","protected":false},"excerpt":{"rendered":"<p>La nostra politica delle risorse umane \u00e8 quella di fornire l&#8217;ambiente di lavoro pi\u00f9 adatto ai dipendenti per ottenere risultati di qualit\u00e0 e lavorare in modo efficace e felice, con il principio della &#8220;persona giusta per il lavoro giusto&#8221;. Mentre la nostra istituzione fornisce servizi sanitari, l&#8217;approccio innovativo e le tecnologie aggiornate sono riunite. Agiamo [&hellip;]<\/p>\n","protected":false},"author":1,"featured_media":31950,"parent":0,"menu_order":0,"comment_status":"closed","ping_status":"closed","template":"template\/ik.php","meta":{"footnotes":""},"class_list":["post-20883","page","type-page","status-publish","has-post-thumbnail","hentry"],"_links":{"self":[{"href":"https:\/\/www.dokuclinic.com\/it\/wp-json\/wp\/v2\/pages\/20883","targetHints":{"allow":["GET"]}}],"collection":[{"href":"https:\/\/www.dokuclinic.com\/it\/wp-json\/wp\/v2\/pages"}],"about":[{"href":"https:\/\/www.dokuclinic.com\/it\/wp-json\/wp\/v2\/types\/page"}],"author":[{"embeddable":true,"href":"https:\/\/www.dokuclinic.com\/it\/wp-json\/wp\/v2\/users\/1"}],"replies":[{"embeddable":true,"href":"https:\/\/www.dokuclinic.com\/it\/wp-json\/wp\/v2\/comments?post=20883"}],"version-history":[{"count":0,"href":"https:\/\/www.dokuclinic.com\/it\/wp-json\/wp\/v2\/pages\/20883\/revisions"}],"wp:featuredmedia":[{"embeddable":true,"href":"https:\/\/www.dokuclinic.com\/it\/wp-json\/wp\/v2\/media\/31950"}],"wp:attachment":[{"href":"https:\/\/www.dokuclinic.com\/it\/wp-json\/wp\/v2\/media?parent=20883"}],"curies":[{"name":"wp","href":"https:\/\/api.w.org\/{rel}","templated":true}]}}