{"id":29615,"date":"2025-05-15T12:25:28","date_gmt":"2025-05-15T09:25:28","guid":{"rendered":"https:\/\/www.dokuclinic.com\/refakatci-politikamiz"},"modified":"2025-10-10T16:49:02","modified_gmt":"2025-10-10T13:49:02","slug":"notre-politique-daccompagnement","status":"publish","type":"page","link":"https:\/\/www.dokuclinic.com\/fr\/notre-politique-daccompagnement","title":{"rendered":"Notre politique d&rsquo;accompagnement"},"content":{"rendered":"<p><strong>1-<\/strong> Si votre m\u00e9decin a interdit la pr\u00e9sence d\u2019un accompagnant pour la sant\u00e9 de votre patient, veuillez respecter cette consigne. Les heures de visite sont de 07h00 \u00e0 22h00.<\/p>\n<p><strong>2-<\/strong> Pour la sant\u00e9 de nos patients, un seul accompagnant est accept\u00e9.<\/p>\n<p><strong>3-<\/strong> Les personnes pr\u00e9sentant de la fi\u00e8vre, un \u00e9coulement nasal, de la toux, de la diarrh\u00e9e, des vomissements ou une dermatite infectieuse ne sont pas accept\u00e9es comme accompagnants.<\/p>\n<p><strong>4-<\/strong> Veuillez ne pas toucher au mat\u00e9riel de soins du patient.<\/p>\n<p><strong>5-<\/strong> Pendant votre accompagnement, veillez \u00e0 respecter la confidentialit\u00e9 du patient et du personnel.<\/p>\n<p><strong>6-<\/strong> Veuillez \u00e9viter les comportements tels que pleurer ou crier, susceptibles de refl\u00e9ter votre \u00e9tat \u00e9motionnel et d\u2019avoir un impact n\u00e9gatif sur le patient.<\/p>\n<p><strong>7-<\/strong> Afin de pr\u00e9server la sant\u00e9 de nos patients, veuillez ne pas apporter ni accepter de nourriture ou de boissons provenant de l\u2019ext\u00e9rieur.<\/p>\n<p><strong>8-<\/strong> Les fleurs ne sont pas autoris\u00e9es dans les chambres des patients en raison du risque de transmission d\u2019infections. Les fleurs envoy\u00e9es au nom du patient seront remises lors de sa sortie avec la carte de fleurs remise au pr\u00e9alable.<\/p>\n<p><strong>9-<\/strong> Veuillez ne pas utiliser de t\u00e9l\u00e9phones portables dans les zones contenant du mat\u00e9riel m\u00e9dical.<\/p>\n<p><strong>10-<\/strong> Veuillez ne pas parler \u00e0 voix haute.<\/p>\n<p><strong>11-<\/strong> Les animaux domestiques ne sont pas autoris\u00e9s dans notre \u00e9tablissement. Veuillez ne pas en apporter.<\/p>\n<p><strong>12-<\/strong> Il est strictement interdit de fumer en dehors des zones d\u00e9sign\u00e9es dans notre \u00e9tablissement.<\/p>\n<p><strong>13-<\/strong> En cas de patients n\u00e9cessitant des soins particuliers, la politique d\u2019accompagnant est appliqu\u00e9e conform\u00e9ment \u00e0 l\u2019approbation du m\u00e9decin.<\/p>\n<p><strong>14- Qui ne doit pas \u00eatre accompagnant !<\/strong><br \/>\nLes enfants de moins de 18 ans,<br \/>\nLes personnes pr\u00e9sentant de la fi\u00e8vre, de la toux, des \u00e9ternuements, des s\u00e9cr\u00e9tions bronchiques ou souffrant d\u2019une maladie infectieuse active connue.<\/p>\n<p><strong>15- \u00c0 qui les informations concernant la sant\u00e9 du patient sont-elles transmises :<\/strong><\/p>\n<p><strong>Si le patient est adulte et conscient :<\/strong><br \/>\nLes informations sont communiqu\u00e9es au patient lui-m\u00eame ou \u00e0 un membre de sa famille au premier degr\u00e9 d\u00e9sign\u00e9 par lui.<\/p>\n<p><strong>Si le patient est un enfant :<\/strong><br \/>\nLes informations sont communiqu\u00e9es aux parents.<\/p>\n<p>Aucune information concernant le patient n\u2019est transmise \u00e0 des tiers.<\/p>\n","protected":false},"excerpt":{"rendered":"<p>1- Si votre m\u00e9decin a interdit la pr\u00e9sence d\u2019un accompagnant pour la sant\u00e9 de votre patient, veuillez respecter cette consigne. Les heures de visite sont de 07h00 \u00e0 22h00. 2- Pour la sant\u00e9 de nos patients, un seul accompagnant est accept\u00e9. 3- Les personnes pr\u00e9sentant de la fi\u00e8vre, un \u00e9coulement nasal, de la toux, de [&hellip;]<\/p>\n","protected":false},"author":3,"featured_media":0,"parent":0,"menu_order":0,"comment_status":"closed","ping_status":"closed","template":"template\/page-company.php","meta":{"footnotes":""},"class_list":["post-29615","page","type-page","status-publish","hentry"],"_links":{"self":[{"href":"https:\/\/www.dokuclinic.com\/fr\/wp-json\/wp\/v2\/pages\/29615","targetHints":{"allow":["GET"]}}],"collection":[{"href":"https:\/\/www.dokuclinic.com\/fr\/wp-json\/wp\/v2\/pages"}],"about":[{"href":"https:\/\/www.dokuclinic.com\/fr\/wp-json\/wp\/v2\/types\/page"}],"author":[{"embeddable":true,"href":"https:\/\/www.dokuclinic.com\/fr\/wp-json\/wp\/v2\/users\/3"}],"replies":[{"embeddable":true,"href":"https:\/\/www.dokuclinic.com\/fr\/wp-json\/wp\/v2\/comments?post=29615"}],"version-history":[{"count":3,"href":"https:\/\/www.dokuclinic.com\/fr\/wp-json\/wp\/v2\/pages\/29615\/revisions"}],"predecessor-version":[{"id":29628,"href":"https:\/\/www.dokuclinic.com\/fr\/wp-json\/wp\/v2\/pages\/29615\/revisions\/29628"}],"wp:attachment":[{"href":"https:\/\/www.dokuclinic.com\/fr\/wp-json\/wp\/v2\/media?parent=29615"}],"curies":[{"name":"wp","href":"https:\/\/api.w.org\/{rel}","templated":true}]}}