{"id":29572,"date":"2025-05-15T12:25:37","date_gmt":"2025-05-15T09:25:37","guid":{"rendered":"https:\/\/www.dokuclinic.com\/hasta-haklari-ve-sorumluluklari"},"modified":"2025-10-10T16:04:24","modified_gmt":"2025-10-10T13:04:24","slug":"droits-et-responsabilites-des-patients","status":"publish","type":"page","link":"https:\/\/www.dokuclinic.com\/fr\/droits-et-responsabilites-des-patients","title":{"rendered":"Droits et responsabilit\u00e9s des patients"},"content":{"rendered":"<h2>Droits des patients et de leurs proches<\/h2>\n<ol>\n<li>Droit de b\u00e9n\u00e9ficier des services<\/li>\n<li>Droit de demander l&rsquo;\u00e9tablissement d&rsquo;un ordre de priorit\u00e9<\/li>\n<li>Droit au respect et \u00e0 la dignit\u00e9<\/li>\n<li>Droit \u00e0 la confidentialit\u00e9<\/li>\n<li>Droit de conna\u00eetre, choisir et changer le personnel<\/li>\n<li>Droit \u00e0 l&rsquo;information<\/li>\n<li>Droit \u00e0 la communication<\/li>\n<li>Consentement du patient<\/li>\n<li>Droit \u00e0 la consultation (consultation m\u00e9dicale)<\/li>\n<li>Droit de refuser le traitement pr\u00e9vu<\/li>\n<li>Droit de conna\u00eetre les co\u00fbts des examens et des traitements<\/li>\n<li>Droit de recevoir un soutien social et psychologique<\/li>\n<li>Droit \u00e0 la consultation (consultation m\u00e9dicale)<\/li>\n<li>Droit de recours et de plainte<\/li>\n<li>Droit de b\u00e9n\u00e9ficier des services religieux<\/li>\n<li>Droit \u00e0 la s\u00e9curit\u00e9<\/li>\n<li>Droit au respect des valeurs humaines et au droit de visite<\/li>\n<li>Droit \u00e0 des soins m\u00e9dicaux appropri\u00e9s<\/li>\n<li>Droit d\u2019avoir un accompagnant<\/li>\n<\/ol>\n<h1>RESPONSABILIT\u00c9S DES PATIENTS<\/h1>\n<h2>Responsabilit\u00e9s des patients<\/h2>\n<ol>\n<li>Responsabilit\u00e9 de fournir des informations<\/li>\n<li>Responsabilit\u00e9 de suivre les recommandations<\/li>\n<li>Responsabilit\u00e9 de refuser le traitement pr\u00e9vu<\/li>\n<li>Responsabilit\u00e9 de payer les frais d&rsquo;examens et de traitements<\/li>\n<li>Responsabilit\u00e9 de respecter les r\u00e8gles et proc\u00e9dures de l&rsquo;h\u00f4pital<\/li>\n<li>Responsabilit\u00e9 de montrer du respect<\/li>\n<li>Responsabilit\u00e9 de d\u00e9clarer les maladies contagieuses<\/li>\n<li>Responsabilit\u00e9 de ne pas faire de demandes inappropri\u00e9es<\/li>\n<li>Responsabilit\u00e9 de respecter les r\u00e8gles de visite<\/li>\n<li>Responsabilit\u00e9 d&rsquo;indemniser en cas de dommages<\/li>\n<\/ol>\n","protected":false},"excerpt":{"rendered":"<p>Droits des patients et de leurs proches Droit de b\u00e9n\u00e9ficier des services Droit de demander l&rsquo;\u00e9tablissement d&rsquo;un ordre de priorit\u00e9 Droit au respect et \u00e0 la dignit\u00e9 Droit \u00e0 la confidentialit\u00e9 Droit de conna\u00eetre, choisir et changer le personnel Droit \u00e0 l&rsquo;information Droit \u00e0 la communication Consentement du patient Droit \u00e0 la consultation (consultation m\u00e9dicale) [&hellip;]<\/p>\n","protected":false},"author":3,"featured_media":0,"parent":0,"menu_order":0,"comment_status":"closed","ping_status":"closed","template":"template\/page-patient-rights.php","meta":{"footnotes":""},"class_list":["post-29572","page","type-page","status-publish","hentry"],"_links":{"self":[{"href":"https:\/\/www.dokuclinic.com\/fr\/wp-json\/wp\/v2\/pages\/29572","targetHints":{"allow":["GET"]}}],"collection":[{"href":"https:\/\/www.dokuclinic.com\/fr\/wp-json\/wp\/v2\/pages"}],"about":[{"href":"https:\/\/www.dokuclinic.com\/fr\/wp-json\/wp\/v2\/types\/page"}],"author":[{"embeddable":true,"href":"https:\/\/www.dokuclinic.com\/fr\/wp-json\/wp\/v2\/users\/3"}],"replies":[{"embeddable":true,"href":"https:\/\/www.dokuclinic.com\/fr\/wp-json\/wp\/v2\/comments?post=29572"}],"version-history":[{"count":2,"href":"https:\/\/www.dokuclinic.com\/fr\/wp-json\/wp\/v2\/pages\/29572\/revisions"}],"predecessor-version":[{"id":29585,"href":"https:\/\/www.dokuclinic.com\/fr\/wp-json\/wp\/v2\/pages\/29572\/revisions\/29585"}],"wp:attachment":[{"href":"https:\/\/www.dokuclinic.com\/fr\/wp-json\/wp\/v2\/media?parent=29572"}],"curies":[{"name":"wp","href":"https:\/\/api.w.org\/{rel}","templated":true}]}}