{"id":29551,"date":"2025-05-15T12:24:17","date_gmt":"2025-05-15T09:24:17","guid":{"rendered":"https:\/\/www.dokuclinic.com\/misyon-vizyon-ve-degerlerimiz"},"modified":"2025-10-10T15:51:44","modified_gmt":"2025-10-10T12:51:44","slug":"mission-vision-et-valeurs","status":"publish","type":"page","link":"https:\/\/www.dokuclinic.com\/fr\/mission-vision-et-valeurs","title":{"rendered":"Mission, Vision et Valeurs"},"content":{"rendered":"<h1>Mission<\/h1>\n<p>\u00catre une organisation leader qui vise et applique le plus haut niveau de technologie m\u00e9dicale,<br \/>\npriorisant la s\u00e9curit\u00e9 des patients et des employ\u00e9s, offrant des services de qualit\u00e9, respectant<br \/>\nles droits des patients, respectueuse de l&rsquo;environnement, sans jamais compromettre les principes<br \/>\n\u00e9thiques m\u00e9dicaux, et qui se d\u00e9veloppe continuellement gr\u00e2ce \u00e0 une \u00e9quipe qualifi\u00e9e et comp\u00e9tente.<\/p>\n<h1>Vision<\/h1>\n<p>\u00catre une marque leader, fiable, globale et perfectionniste dans tous les domaines o\u00f9 nous offrons des services.<\/p>\n<h1>Valeurs<\/h1>\n<p>&#8211; Nous adoptons une approche centr\u00e9e sur l\u2019humain et l\u2019\u00e9thique, dans l\u2019int\u00e9grit\u00e9 de la confiance et de la technologie.<br \/>\n&#8211; Nous visons \u00e0 fournir un service de qualit\u00e9 de la mani\u00e8re la plus fiable.<br \/>\n&#8211; Nous encourageons une culture de confiance et de respect envers les individus et l\u2019environnement.<br \/>\n&#8211; Nous mettons l\u2019accent sur l\u2019excellence du service gr\u00e2ce \u00e0 l\u2019innovation technologique et une compr\u00e9hension esth\u00e9tique des besoins humains.<br \/>\n&#8211; Nous nous engageons \u00e0 rendre nos services accessibles \u00e0 tous, ind\u00e9pendamment de l\u2019\u00e2ge, du handicap, de la religion, de la race, du sexe ou de l\u2019orientation sexuelle.<br \/>\n&#8211; Avec nos partenaires, nous remplissons nos responsabilit\u00e9s sociales et soutenons une structure visible et efficace.<br \/>\n&#8211; Nous soutenons une utilisation durable et efficace des ressources, am\u00e9liorons constamment l\u2019efficacit\u00e9 gr\u00e2ce aux investissements n\u00e9cessaires et ne faisons aucun compromis sur la qualit\u00e9.<br \/>\n&#8211; Avec la passion pr\u00e9sente dans notre structure, nous travaillons pour \u00eatre le catalyseur mondial du changement dans notre domaine.<br \/>\n&#8211; Nous am\u00e9liorons constamment l\u2019ampleur et la qualit\u00e9 de nos op\u00e9rations internationales, contribuant ainsi \u00e0 l\u2019\u00e9conomie nationale.<br \/>\n&#8211; Gr\u00e2ce aux innovations et aux nouveaut\u00e9s du secteur, nous maintenons notre structure rapide et puissante, visant \u00e0 devenir un \u00e9tablissement de sant\u00e9 leader et une r\u00e9f\u00e9rence mondiale.<br \/>\n&#8211; Dans chaque aspect de notre clinique, nous soulignons la perception de l\u2019esth\u00e9tique et de la beaut\u00e9 \u00e0 travers l\u2019art, offrant des services de sant\u00e9 int\u00e9gr\u00e9s aux attentes de nos patients.<\/p>\n<p>&nbsp;<\/p>\n<p>Uzm. Dr. M. Serkan AYGIN\u00a0\u00a0\u00a0\u00a0\u00a0\u00a0\u00a0\u00a0\u00a0\u00a0\u00a0\u00a0\u00a0\u00a0\u00a0\u00a0\u00a0\u00a0\u00a0\u00a0\u00a0\u00a0\u00a0\u00a0 Melda AYGIN<br \/>\nCo-Fondateur\u00a0\u00a0\u00a0\u00a0\u00a0\u00a0\u00a0\u00a0\u00a0\u00a0\u00a0\u00a0\u00a0\u00a0\u00a0\u00a0\u00a0\u00a0\u00a0\u00a0\u00a0\u00a0\u00a0\u00a0\u00a0\u00a0\u00a0\u00a0\u00a0\u00a0\u00a0\u00a0\u00a0\u00a0\u00a0\u00a0 Co-Fondatrice<\/p>\n","protected":false},"excerpt":{"rendered":"<p>Mission \u00catre une organisation leader qui vise et applique le plus haut niveau de technologie m\u00e9dicale, priorisant la s\u00e9curit\u00e9 des patients et des employ\u00e9s, offrant des services de qualit\u00e9, respectant les droits des patients, respectueuse de l&rsquo;environnement, sans jamais compromettre les principes \u00e9thiques m\u00e9dicaux, et qui se d\u00e9veloppe continuellement gr\u00e2ce \u00e0 une \u00e9quipe qualifi\u00e9e et [&hellip;]<\/p>\n","protected":false},"author":3,"featured_media":0,"parent":0,"menu_order":0,"comment_status":"closed","ping_status":"closed","template":"template\/page-company.php","meta":{"footnotes":""},"class_list":["post-29551","page","type-page","status-publish","hentry"],"_links":{"self":[{"href":"https:\/\/www.dokuclinic.com\/fr\/wp-json\/wp\/v2\/pages\/29551","targetHints":{"allow":["GET"]}}],"collection":[{"href":"https:\/\/www.dokuclinic.com\/fr\/wp-json\/wp\/v2\/pages"}],"about":[{"href":"https:\/\/www.dokuclinic.com\/fr\/wp-json\/wp\/v2\/types\/page"}],"author":[{"embeddable":true,"href":"https:\/\/www.dokuclinic.com\/fr\/wp-json\/wp\/v2\/users\/3"}],"replies":[{"embeddable":true,"href":"https:\/\/www.dokuclinic.com\/fr\/wp-json\/wp\/v2\/comments?post=29551"}],"version-history":[{"count":2,"href":"https:\/\/www.dokuclinic.com\/fr\/wp-json\/wp\/v2\/pages\/29551\/revisions"}],"predecessor-version":[{"id":29564,"href":"https:\/\/www.dokuclinic.com\/fr\/wp-json\/wp\/v2\/pages\/29551\/revisions\/29564"}],"wp:attachment":[{"href":"https:\/\/www.dokuclinic.com\/fr\/wp-json\/wp\/v2\/media?parent=29551"}],"curies":[{"name":"wp","href":"https:\/\/api.w.org\/{rel}","templated":true}]}}