{"id":29594,"date":"2025-03-22T12:54:35","date_gmt":"2025-03-22T09:54:35","guid":{"rendered":"https:\/\/www.dokuclinic.com\/companion-policy-2"},"modified":"2025-10-10T16:14:48","modified_gmt":"2025-10-10T13:14:48","slug":"politica-de-acompanantes","status":"publish","type":"page","link":"https:\/\/www.dokuclinic.com\/es\/politica-de-acompanantes","title":{"rendered":"Pol\u00edtica de acompa\u00f1antes"},"content":{"rendered":"<h2>Pol\u00edtica de Acompa\u00f1antes<\/h2>\n<ul>\n<li>Si su m\u00e9dico ha prohibido la presencia de acompa\u00f1antes por motivos de salud del paciente, por favor respete esta indicaci\u00f3n. El horario de visitas es de 07:00 a 22:00.<\/li>\n<li>Por la salud de nuestros pacientes, solo se permite un acompa\u00f1ante.<\/li>\n<li>No se aceptan como acompa\u00f1antes las personas que presenten fiebre, secreci\u00f3n nasal, tos, diarrea, v\u00f3mitos o dermatitis infecciosa.<\/li>\n<li>Por favor, no toque los materiales de cuidado del paciente.<\/li>\n<li>Durante su acompa\u00f1amiento, respete la privacidad del paciente y del personal.<\/li>\n<li>Evite comportamientos como llorar o gritar que puedan reflejar su estado emocional y afectar negativamente al paciente.<\/li>\n<li>Para proteger la salud de nuestros pacientes, no traiga ni acepte alimentos o bebidas del exterior.<\/li>\n<li>Las flores no est\u00e1n permitidas en las habitaciones de los pacientes debido al riesgo de transmisi\u00f3n de infecciones. Las flores enviadas a nombre del paciente se entregar\u00e1n al alta con la tarjeta de flores previamente entregada.<\/li>\n<li>No use tel\u00e9fonos m\u00f3viles en las \u00e1reas donde haya equipos m\u00e9dicos.<\/li>\n<li>Por favor, no hable en voz alta.<\/li>\n<li>No se permiten mascotas en nuestras instalaciones. Por favor, no las traiga.<\/li>\n<li>Est\u00e1 estrictamente prohibido fumar fuera de las \u00e1reas designadas dentro de nuestras instalaciones.<\/li>\n<li>En el caso de pacientes que requieran cuidados especiales, la pol\u00edtica de acompa\u00f1antes se aplica de acuerdo con la aprobaci\u00f3n del m\u00e9dico.<\/li>\n<li>\u00a1Qui\u00e9nes no deben ser acompa\u00f1antes!<\/li>\n<\/ul>\n<p>Ni\u00f1os menores de 18 a\u00f1os,<\/p>\n<p>Personas con fiebre, tos, estornudos, producci\u00f3n de esputo o una enfermedad infecciosa activa conocida.<\/p>\n<ul>\n<li>A qui\u00e9n o a qui\u00e9nes se proporciona informaci\u00f3n sobre la salud del paciente;<\/li>\n<\/ul>\n<p>Si el paciente es adulto y est\u00e1 consciente;<\/p>\n<p>La informaci\u00f3n se da al propio paciente o a un familiar de primer grado designado por \u00e9l.<\/p>\n<p>Si el paciente es un ni\u00f1o;<\/p>\n<p>La informaci\u00f3n se da a los padres.<\/p>\n<p>No se proporciona informaci\u00f3n sobre el paciente a terceros.<\/p>\n","protected":false},"excerpt":{"rendered":"<p>Pol\u00edtica de Acompa\u00f1antes Si su m\u00e9dico ha prohibido la presencia de acompa\u00f1antes por motivos de salud del paciente, por favor respete esta indicaci\u00f3n. El horario de visitas es de 07:00 a 22:00. Por la salud de nuestros pacientes, solo se permite un acompa\u00f1ante. No se aceptan como acompa\u00f1antes las personas que presenten fiebre, secreci\u00f3n nasal, [&hellip;]<\/p>\n","protected":false},"author":3,"featured_media":0,"parent":0,"menu_order":0,"comment_status":"closed","ping_status":"closed","template":"template\/page-company.php","meta":{"footnotes":""},"class_list":["post-29594","page","type-page","status-publish","hentry"],"_links":{"self":[{"href":"https:\/\/www.dokuclinic.com\/es\/wp-json\/wp\/v2\/pages\/29594","targetHints":{"allow":["GET"]}}],"collection":[{"href":"https:\/\/www.dokuclinic.com\/es\/wp-json\/wp\/v2\/pages"}],"about":[{"href":"https:\/\/www.dokuclinic.com\/es\/wp-json\/wp\/v2\/types\/page"}],"author":[{"embeddable":true,"href":"https:\/\/www.dokuclinic.com\/es\/wp-json\/wp\/v2\/users\/3"}],"replies":[{"embeddable":true,"href":"https:\/\/www.dokuclinic.com\/es\/wp-json\/wp\/v2\/comments?post=29594"}],"version-history":[{"count":2,"href":"https:\/\/www.dokuclinic.com\/es\/wp-json\/wp\/v2\/pages\/29594\/revisions"}],"predecessor-version":[{"id":29601,"href":"https:\/\/www.dokuclinic.com\/es\/wp-json\/wp\/v2\/pages\/29594\/revisions\/29601"}],"wp:attachment":[{"href":"https:\/\/www.dokuclinic.com\/es\/wp-json\/wp\/v2\/media?parent=29594"}],"curies":[{"name":"wp","href":"https:\/\/api.w.org\/{rel}","templated":true}]}}