{"id":29542,"date":"2022-11-30T14:21:15","date_gmt":"2022-11-30T11:21:15","guid":{"rendered":"https:\/\/www.dokuclinic.com\/politica-della-qualita"},"modified":"2025-10-10T15:40:30","modified_gmt":"2025-10-10T12:40:30","slug":"nuestra-politica-de-calidad","status":"publish","type":"page","link":"https:\/\/www.dokuclinic.com\/es\/nuestra-politica-de-calidad","title":{"rendered":"Nuestra Pol\u00edtica de Calidad"},"content":{"rendered":"<h2>Nuestra Pol\u00edtica de Calidad<\/h2>\n<ul>\n<li>Brindar servicios de salud c\u00f3modos y eficaces utilizando la tecnolog\u00eda m\u00e1s avanzada, dentro del marco de los valores \u00e9ticos y de acuerdo con los est\u00e1ndares nacionales e internacionales de salud en nuestras pr\u00e1cticas.<\/li>\n<li>Mantener una estructura s\u00f3lida y din\u00e1mica mediante la innovaci\u00f3n y los avances del sector, con el objetivo de ser una de las instituciones de salud l\u00edderes y de referencia a nivel mundial.<\/li>\n<li>Ofrecer servicios de salud integrales que respondan a las expectativas de nuestros pacientes, destacando la comprensi\u00f3n est\u00e9tica y la percepci\u00f3n de la belleza en cada \u00e1rea de la cl\u00ednica.<\/li>\n<li>Proteger la seguridad y la salud de los pacientes, sus familiares y los empleados, garantizando un proceso c\u00f3modo, seguro y transparente.<\/li>\n<li>Lograr una estructura reconocida y eficaz cumpliendo con los requisitos de responsabilidad social junto con todas las partes interesadas.<\/li>\n<li>Brindar un servicio de calidad fomentando el uso sostenible y eficiente de los recursos y aumentando continuamente la eficiencia mediante las inversiones necesarias.<\/li>\n<li>Crear una cultura corporativa que desarrolle a sus empleados con un enfoque centrado en las personas y que incorpore la conciencia de calidad y la mentalidad de mejora continua en cada actividad.<\/li>\n<li>Fomentar un esp\u00edritu de equipo basado en el respeto mutuo, la comprensi\u00f3n, la confianza y la comunicaci\u00f3n, aumentar la motivaci\u00f3n y satisfacci\u00f3n de los empleados y ofrecer servicios de salud con personal experto y cualificado.<\/li>\n<li>Cumplir con los requisitos aplicables.<\/li>\n<li>Contribuir a la econom\u00eda del pa\u00eds mejorando de forma continua el volumen y la calidad de las operaciones internacionales.<\/li>\n<\/ul>\n","protected":false},"excerpt":{"rendered":"<p>Nuestra Pol\u00edtica de Calidad Brindar servicios de salud c\u00f3modos y eficaces utilizando la tecnolog\u00eda m\u00e1s avanzada, dentro del marco de los valores \u00e9ticos y de acuerdo con los est\u00e1ndares nacionales e internacionales de salud en nuestras pr\u00e1cticas. Mantener una estructura s\u00f3lida y din\u00e1mica mediante la innovaci\u00f3n y los avances del sector, con el objetivo de [&hellip;]<\/p>\n","protected":false},"author":1,"featured_media":0,"parent":0,"menu_order":0,"comment_status":"closed","ping_status":"closed","template":"template\/page-policy.php","meta":{"footnotes":""},"class_list":["post-29542","page","type-page","status-publish","hentry"],"_links":{"self":[{"href":"https:\/\/www.dokuclinic.com\/es\/wp-json\/wp\/v2\/pages\/29542","targetHints":{"allow":["GET"]}}],"collection":[{"href":"https:\/\/www.dokuclinic.com\/es\/wp-json\/wp\/v2\/pages"}],"about":[{"href":"https:\/\/www.dokuclinic.com\/es\/wp-json\/wp\/v2\/types\/page"}],"author":[{"embeddable":true,"href":"https:\/\/www.dokuclinic.com\/es\/wp-json\/wp\/v2\/users\/1"}],"replies":[{"embeddable":true,"href":"https:\/\/www.dokuclinic.com\/es\/wp-json\/wp\/v2\/comments?post=29542"}],"version-history":[{"count":2,"href":"https:\/\/www.dokuclinic.com\/es\/wp-json\/wp\/v2\/pages\/29542\/revisions"}],"predecessor-version":[{"id":29549,"href":"https:\/\/www.dokuclinic.com\/es\/wp-json\/wp\/v2\/pages\/29542\/revisions\/29549"}],"wp:attachment":[{"href":"https:\/\/www.dokuclinic.com\/es\/wp-json\/wp\/v2\/media?parent=29542"}],"curies":[{"name":"wp","href":"https:\/\/api.w.org\/{rel}","templated":true}]}}