{"id":24693,"date":"2025-05-15T12:24:25","date_gmt":"2025-05-15T09:24:25","guid":{"rendered":"https:\/\/www.dokuclinic.com\/politica-de-calidad"},"modified":"2025-05-15T12:24:25","modified_gmt":"2025-05-15T09:24:25","slug":"politica-de-calidad","status":"publish","type":"page","link":"https:\/\/www.dokuclinic.com\/es\/politica-de-calidad","title":{"rendered":"Pol\u00edtica de calidad"},"content":{"rendered":"<h2>Nuestra pol\u00edtica de calidad<\/h2>\n<ul>\n<li>Brindar servicios de salud c\u00f3modos y efectivos utilizando la \u00faltima tecnolog\u00eda en el marco de los valores \u00e9ticos a la luz de las normas sanitarias nacionales e internacionales en nuestras pr\u00e1cticas.<\/li>\n<li>Apuntando a mantener su estructura \u00e1gil y fuerte con las novedades e innovaciones del sector y ser una de las instituciones de salud l\u00edderes en el mundo y referentes en el mundo.<\/li>\n<li>Brindar servicios de salud integrados a las expectativas de nuestros pacientes enfatizando la comprensi\u00f3n est\u00e9tica y la percepci\u00f3n de la belleza en cada punto de la cl\u00ednica.<\/li>\n<li>Para proteger la seguridad y la salud de los pacientes, familiares y empleados, para ofrecer una comodidad infinita y un proceso seguro, claro y comprensible.<\/li>\n<li>Alcanzar una estructura conocida y eficaz mediante el cumplimiento de los requisitos de sus responsabilidades sociales junto con todos sus grupos de inter\u00e9s.<\/li>\n<li>Brindar un servicio de calidad apoyando el uso sostenible y efectivo de los recursos y aumentando continuamente la eficiencia con las inversiones necesarias.<\/li>\n<li>Crear una cultura corporativa que desarrolle a sus empleados con un enfoque orientado a las personas y que considere la conciencia de calidad y la perspectiva del cuestionamiento en cada actividad.<\/li>\n<li>Crear un esp\u00edritu de equipo en el respeto mutuo, la comprensi\u00f3n, la confianza y la comunicaci\u00f3n, aumentar la motivaci\u00f3n y satisfacci\u00f3n de los empleados y brindar servicios de salud con su personal experimentado y experto.<\/li>\n<li>Cumpliendo con los requisitos aplicables.<\/li>\n<li>Contribuir a la econom\u00eda del pa\u00eds mejorando continuamente el volumen y la calidad de las operaciones en el exterior.<\/li>\n<\/ul>\n","protected":false},"excerpt":{"rendered":"<p>Nuestra pol\u00edtica de calidad Brindar servicios de salud c\u00f3modos y efectivos utilizando la \u00faltima tecnolog\u00eda en el marco de los valores \u00e9ticos a la luz de las normas sanitarias nacionales e internacionales en nuestras pr\u00e1cticas. Apuntando a mantener su estructura \u00e1gil y fuerte con las novedades e innovaciones del sector y ser una de las [&hellip;]<\/p>\n","protected":false},"author":3,"featured_media":0,"parent":0,"menu_order":0,"comment_status":"closed","ping_status":"closed","template":"template\/page-company.php","meta":{"footnotes":""},"class_list":["post-24693","page","type-page","status-publish","hentry"],"_links":{"self":[{"href":"https:\/\/www.dokuclinic.com\/es\/wp-json\/wp\/v2\/pages\/24693","targetHints":{"allow":["GET"]}}],"collection":[{"href":"https:\/\/www.dokuclinic.com\/es\/wp-json\/wp\/v2\/pages"}],"about":[{"href":"https:\/\/www.dokuclinic.com\/es\/wp-json\/wp\/v2\/types\/page"}],"author":[{"embeddable":true,"href":"https:\/\/www.dokuclinic.com\/es\/wp-json\/wp\/v2\/users\/3"}],"replies":[{"embeddable":true,"href":"https:\/\/www.dokuclinic.com\/es\/wp-json\/wp\/v2\/comments?post=24693"}],"version-history":[{"count":0,"href":"https:\/\/www.dokuclinic.com\/es\/wp-json\/wp\/v2\/pages\/24693\/revisions"}],"wp:attachment":[{"href":"https:\/\/www.dokuclinic.com\/es\/wp-json\/wp\/v2\/media?parent=24693"}],"curies":[{"name":"wp","href":"https:\/\/api.w.org\/{rel}","templated":true}]}}