{"id":29616,"date":"2025-05-15T12:25:28","date_gmt":"2025-05-15T09:25:28","guid":{"rendered":"https:\/\/www.dokuclinic.com\/refakatci-politikamiz"},"modified":"2025-10-10T16:40:50","modified_gmt":"2025-10-10T13:40:50","slug":"unsere-begleiterrichtlinie","status":"publish","type":"page","link":"https:\/\/www.dokuclinic.com\/de\/unsere-begleiterrichtlinie","title":{"rendered":"Unsere Begleiterrichtlinie"},"content":{"rendered":"<p><strong>1-<\/strong> Wenn Ihr Arzt die Anwesenheit einer Begleitperson aus gesundheitlichen Gr\u00fcnden des Patienten untersagt hat, halten Sie sich bitte daran. Unsere Besuchszeiten sind von 07:00 bis 22:00 Uhr.<\/p>\n<p><strong>2-<\/strong> Aus Gr\u00fcnden der Patientengesundheit ist nur eine Begleitperson erlaubt.<\/p>\n<p><strong>3-<\/strong> Personen mit Fieber, laufender Nase, Husten, Durchfall, Erbrechen oder infekti\u00f6ser Dermatitis werden nicht als Begleitpersonen akzeptiert.<\/p>\n<p><strong>4-<\/strong> Bitte ber\u00fchren Sie keine Pflegeutensilien des Patienten.<\/p>\n<p><strong>5-<\/strong> Achten Sie w\u00e4hrend Ihrer Begleitung auf die Privatsph\u00e4re der Patienten und des Personals.<\/p>\n<p><strong>6-<\/strong> Bitte vermeiden Sie Verhaltensweisen wie Weinen oder Schreien, die Ihren emotionalen Zustand widerspiegeln und dem Patienten schaden k\u00f6nnten.<\/p>\n<p><strong>7-<\/strong> Zum Schutz der Gesundheit unserer Patienten bringen oder akzeptieren Sie bitte keine Speisen oder Getr\u00e4nke von au\u00dferhalb.<\/p>\n<p><strong>8-<\/strong> Blumen sind aufgrund des Infektionsrisikos in Patientenzimmern nicht erlaubt. Blumen, die im Namen des Patienten gesendet werden, werden bei der Entlassung mit der zuvor hinterlegten Blumenkarte \u00fcbergeben.<\/p>\n<p><strong>9-<\/strong> Bitte verwenden Sie keine Mobiltelefone in Bereichen, in denen sich medizinische Ger\u00e4te befinden.<\/p>\n<p><strong>10-<\/strong> Bitte sprechen Sie nicht laut.<\/p>\n<p><strong>11-<\/strong> Haustiere sind in unserer Einrichtung nicht erlaubt. Bitte bringen Sie keine mit.<\/p>\n<p><strong>12-<\/strong> Das Rauchen ist au\u00dferhalb der daf\u00fcr vorgesehenen Bereiche in unserer Einrichtung strengstens verboten.<\/p>\n<p><strong>13-<\/strong> Bei Patienten mit besonderen Bed\u00fcrfnissen wird die Begleitpersonregelung gem\u00e4\u00df der Genehmigung des Arztes angewendet.<\/p>\n<p><strong>14- Wer sollte keine Begleitperson sein!<\/strong><br \/>\nKinder unter 18 Jahren,<br \/>\nPersonen mit Fieber, Husten, Niesen, Schleimbildung oder einer bekannten aktiven Infektionskrankheit.<\/p>\n<p><strong>15- Wem werden Informationen \u00fcber den Gesundheitszustand des Patienten mitgeteilt:<\/strong><\/p>\n<p><strong>Wenn der Patient erwachsen und bei Bewusstsein ist:<\/strong><br \/>\nDie Informationen werden dem Patienten selbst oder einem von ihm benannten nahen Angeh\u00f6rigen ersten Grades mitgeteilt.<\/p>\n<p><strong>Wenn der Patient ein Kind ist:<\/strong><br \/>\nDie Informationen werden den Eltern mitgeteilt.<\/p>\n<p>Dritten Personen werden keine Informationen \u00fcber den Patienten gegeben.<\/p>\n","protected":false},"excerpt":{"rendered":"<p>1- Wenn Ihr Arzt die Anwesenheit einer Begleitperson aus gesundheitlichen Gr\u00fcnden des Patienten untersagt hat, halten Sie sich bitte daran. Unsere Besuchszeiten sind von 07:00 bis 22:00 Uhr. 2- Aus Gr\u00fcnden der Patientengesundheit ist nur eine Begleitperson erlaubt. 3- Personen mit Fieber, laufender Nase, Husten, Durchfall, Erbrechen oder infekti\u00f6ser Dermatitis werden nicht als Begleitpersonen akzeptiert. [&hellip;]<\/p>\n","protected":false},"author":3,"featured_media":0,"parent":0,"menu_order":0,"comment_status":"closed","ping_status":"closed","template":"template\/page-company.php","meta":{"footnotes":""},"class_list":["post-29616","page","type-page","status-publish","hentry"],"_links":{"self":[{"href":"https:\/\/www.dokuclinic.com\/de\/wp-json\/wp\/v2\/pages\/29616","targetHints":{"allow":["GET"]}}],"collection":[{"href":"https:\/\/www.dokuclinic.com\/de\/wp-json\/wp\/v2\/pages"}],"about":[{"href":"https:\/\/www.dokuclinic.com\/de\/wp-json\/wp\/v2\/types\/page"}],"author":[{"embeddable":true,"href":"https:\/\/www.dokuclinic.com\/de\/wp-json\/wp\/v2\/users\/3"}],"replies":[{"embeddable":true,"href":"https:\/\/www.dokuclinic.com\/de\/wp-json\/wp\/v2\/comments?post=29616"}],"version-history":[{"count":2,"href":"https:\/\/www.dokuclinic.com\/de\/wp-json\/wp\/v2\/pages\/29616\/revisions"}],"predecessor-version":[{"id":29623,"href":"https:\/\/www.dokuclinic.com\/de\/wp-json\/wp\/v2\/pages\/29616\/revisions\/29623"}],"wp:attachment":[{"href":"https:\/\/www.dokuclinic.com\/de\/wp-json\/wp\/v2\/media?parent=29616"}],"curies":[{"name":"wp","href":"https:\/\/api.w.org\/{rel}","templated":true}]}}