{"id":29573,"date":"2025-05-15T12:25:37","date_gmt":"2025-05-15T09:25:37","guid":{"rendered":"https:\/\/www.dokuclinic.com\/hasta-haklari-ve-sorumluluklari"},"modified":"2025-10-10T16:02:25","modified_gmt":"2025-10-10T13:02:25","slug":"patientenrechte","status":"publish","type":"page","link":"https:\/\/www.dokuclinic.com\/de\/patientenrechte","title":{"rendered":"Patientenrechte"},"content":{"rendered":"<h2>Rechte der Patienten und ihrer Angeh\u00f6rigen<\/h2>\n<ol>\n<li>Recht auf Inanspruchnahme von Leistungen<\/li>\n<li>Recht auf Festlegung der Behandlungspriorit\u00e4t<\/li>\n<li>Recht auf Respekt und W\u00fcrde<\/li>\n<li>Recht auf Privatsph\u00e4re<\/li>\n<li>Recht, das Personal zu kennen, zu w\u00e4hlen und zu wechseln<\/li>\n<li>Recht auf Information<\/li>\n<li>Recht auf Kommunikation<\/li>\n<li>Zustimmung des Patienten<\/li>\n<li>Recht auf Konsultation (\u00e4rztliche Beratung)<\/li>\n<li>Recht, die geplante Behandlung abzulehnen<\/li>\n<li>Recht, die Kosten f\u00fcr Untersuchungen und Behandlungen zu erfahren<\/li>\n<li>Recht auf soziale und psychologische Unterst\u00fctzung<\/li>\n<li>Recht auf Konsultation (\u00e4rztliche Beratung)<\/li>\n<li>Recht auf Beschwerde und Antragstellung<\/li>\n<li>Recht auf Inanspruchnahme religi\u00f6ser Dienste<\/li>\n<li>Recht auf Sicherheit<\/li>\n<li>Recht auf Respekt gegen\u00fcber menschlichen Werten und Besuchsrecht<\/li>\n<li>Recht auf angemessene medizinische Versorgung<\/li>\n<li>Recht, einen Begleiter zu haben<\/li>\n<\/ol>\n<h1>VERANTWORTLICHKEITEN DER PATIENTEN<\/h1>\n<h2>Verantwortlichkeiten der Patienten<\/h2>\n<ol>\n<li>Verantwortung, Informationen bereitzustellen<\/li>\n<li>Verantwortung, den Empfehlungen zu folgen<\/li>\n<li>Verantwortung, die geplante Behandlung abzulehnen<\/li>\n<li>Verantwortung, die Kosten f\u00fcr Untersuchungen und Behandlungen zu bezahlen<\/li>\n<li>Verantwortung, die Regeln und Verfahren des Krankenhauses einzuhalten<\/li>\n<li>Verantwortung, Respekt zu zeigen<\/li>\n<li>Verantwortung, ansteckende Krankheiten zu melden<\/li>\n<li>Verantwortung, keine unangemessenen Forderungen zu stellen<\/li>\n<li>Verantwortung, die Besuchsregeln einzuhalten<\/li>\n<li>Verantwortung, Sch\u00e4den zu ersetzen<\/li>\n<\/ol>\n","protected":false},"excerpt":{"rendered":"<p>Rechte der Patienten und ihrer Angeh\u00f6rigen Recht auf Inanspruchnahme von Leistungen Recht auf Festlegung der Behandlungspriorit\u00e4t Recht auf Respekt und W\u00fcrde Recht auf Privatsph\u00e4re Recht, das Personal zu kennen, zu w\u00e4hlen und zu wechseln Recht auf Information Recht auf Kommunikation Zustimmung des Patienten Recht auf Konsultation (\u00e4rztliche Beratung) Recht, die geplante Behandlung abzulehnen Recht, die [&hellip;]<\/p>\n","protected":false},"author":3,"featured_media":0,"parent":0,"menu_order":0,"comment_status":"closed","ping_status":"closed","template":"template\/page-patient-rights.php","meta":{"footnotes":""},"class_list":["post-29573","page","type-page","status-publish","hentry"],"_links":{"self":[{"href":"https:\/\/www.dokuclinic.com\/de\/wp-json\/wp\/v2\/pages\/29573","targetHints":{"allow":["GET"]}}],"collection":[{"href":"https:\/\/www.dokuclinic.com\/de\/wp-json\/wp\/v2\/pages"}],"about":[{"href":"https:\/\/www.dokuclinic.com\/de\/wp-json\/wp\/v2\/types\/page"}],"author":[{"embeddable":true,"href":"https:\/\/www.dokuclinic.com\/de\/wp-json\/wp\/v2\/users\/3"}],"replies":[{"embeddable":true,"href":"https:\/\/www.dokuclinic.com\/de\/wp-json\/wp\/v2\/comments?post=29573"}],"version-history":[{"count":3,"href":"https:\/\/www.dokuclinic.com\/de\/wp-json\/wp\/v2\/pages\/29573\/revisions"}],"predecessor-version":[{"id":29580,"href":"https:\/\/www.dokuclinic.com\/de\/wp-json\/wp\/v2\/pages\/29573\/revisions\/29580"}],"wp:attachment":[{"href":"https:\/\/www.dokuclinic.com\/de\/wp-json\/wp\/v2\/media?parent=29573"}],"curies":[{"name":"wp","href":"https:\/\/api.w.org\/{rel}","templated":true}]}}