{"id":29552,"date":"2025-05-15T12:24:17","date_gmt":"2025-05-15T09:24:17","guid":{"rendered":"https:\/\/www.dokuclinic.com\/misyon-vizyon-ve-degerlerimiz"},"modified":"2025-10-10T15:52:47","modified_gmt":"2025-10-10T12:52:47","slug":"mission-vision-und-werte","status":"publish","type":"page","link":"https:\/\/www.dokuclinic.com\/de\/mission-vision-und-werte","title":{"rendered":"Mission, Vision und Werte"},"content":{"rendered":"<h1>Mission<\/h1>\n<p>Ein f\u00fchrendes Unternehmen zu sein, das das h\u00f6chste Niveau der Medizintechnologie anstrebt und anwendet,<br \/>\ndie Sicherheit von Patienten und Mitarbeitern in den Vordergrund stellt, qualitativ hochwertige Dienstleistungen anbietet,<br \/>\ndie Patientenrechte respektiert, umweltbewusst ist, niemals von medizinisch-ethischen Grunds\u00e4tzen abweicht<br \/>\nund sich mit einem qualifizierten und kompetenten Team kontinuierlich weiterentwickelt.<\/p>\n<h1>Vision<\/h1>\n<p>In allen Bereichen, in denen wir t\u00e4tig sind, eine f\u00fchrende, zuverl\u00e4ssige, globale und perfektionistische Marke zu sein.<\/p>\n<h1>Werte<\/h1>\n<p>&#8211; Wir verfolgen einen menschen- und ethikorientierten Ansatz im Einklang mit Vertrauen und Technologie.<br \/>\n&#8211; Wir streben an, qualitativ hochwertige Dienstleistungen auf die zuverl\u00e4ssigste Weise zu erbringen.<br \/>\n&#8211; Wir f\u00f6rdern eine Kultur des Vertrauens und Respekts gegen\u00fcber Menschen und Umwelt.<br \/>\n&#8211; Wir legen Wert auf Exzellenz im Service durch technologische Innovation und ein \u00e4sthetisches Verst\u00e4ndnis der menschlichen Bed\u00fcrfnisse.<br \/>\n&#8211; Wir verpflichten uns, unsere Dienstleistungen allen zug\u00e4nglich zu machen, unabh\u00e4ngig von Alter, Behinderung, Religion, Rasse, Geschlecht oder sexueller Orientierung.<br \/>\n&#8211; Gemeinsam mit unseren Partnern erf\u00fcllen wir unsere sozialen Verantwortlichkeiten und unterst\u00fctzen eine sichtbare und wirksame Struktur.<br \/>\n&#8211; Wir unterst\u00fctzen eine nachhaltige und effiziente Ressourcennutzung, steigern kontinuierlich die Effizienz durch notwendige Investitionen und verzichten niemals auf Qualit\u00e4t.<br \/>\n&#8211; Mit der Leidenschaft in unserer Struktur arbeiten wir daran, ein globaler Katalysator f\u00fcr Ver\u00e4nderungen in unserem Bereich zu sein.<br \/>\n&#8211; Wir verbessern kontinuierlich den Umfang und die Qualit\u00e4t unserer internationalen Aktivit\u00e4ten und tragen so zur nationalen Wirtschaft bei.<br \/>\n&#8211; Durch Innovationen und Neuerungen in der Branche erhalten wir unsere schnelle und starke Struktur aufrecht, mit dem Ziel, eine f\u00fchrende Gesundheitseinrichtung und eine weltweite Referenz zu werden.<br \/>\n&#8211; In jedem Aspekt unserer Klinik betonen wir das Verst\u00e4ndnis von \u00c4sthetik und Sch\u00f6nheit durch Kunst und bieten Gesundheitsdienste, die mit den Erwartungen unserer Patienten \u00fcbereinstimmen.<\/p>\n<p>&nbsp;<\/p>\n<p>Uzm. Dr. M. Serkan AYGIN\u00a0\u00a0\u00a0\u00a0\u00a0\u00a0\u00a0\u00a0\u00a0\u00a0\u00a0\u00a0\u00a0\u00a0\u00a0\u00a0\u00a0\u00a0\u00a0\u00a0\u00a0\u00a0\u00a0\u00a0 Melda AYGIN<br \/>\nMitbegr\u00fcnder\u00a0\u00a0\u00a0\u00a0\u00a0\u00a0\u00a0\u00a0\u00a0\u00a0\u00a0\u00a0\u00a0\u00a0\u00a0\u00a0\u00a0\u00a0\u00a0\u00a0\u00a0\u00a0\u00a0\u00a0\u00a0\u00a0\u00a0\u00a0\u00a0\u00a0\u00a0\u00a0\u00a0\u00a0\u00a0\u00a0 Mitbegr\u00fcnderin<\/p>\n","protected":false},"excerpt":{"rendered":"<p>Mission Ein f\u00fchrendes Unternehmen zu sein, das das h\u00f6chste Niveau der Medizintechnologie anstrebt und anwendet, die Sicherheit von Patienten und Mitarbeitern in den Vordergrund stellt, qualitativ hochwertige Dienstleistungen anbietet, die Patientenrechte respektiert, umweltbewusst ist, niemals von medizinisch-ethischen Grunds\u00e4tzen abweicht und sich mit einem qualifizierten und kompetenten Team kontinuierlich weiterentwickelt. Vision In allen Bereichen, in denen [&hellip;]<\/p>\n","protected":false},"author":3,"featured_media":0,"parent":0,"menu_order":0,"comment_status":"closed","ping_status":"closed","template":"template\/page-company.php","meta":{"footnotes":""},"class_list":["post-29552","page","type-page","status-publish","hentry"],"_links":{"self":[{"href":"https:\/\/www.dokuclinic.com\/de\/wp-json\/wp\/v2\/pages\/29552","targetHints":{"allow":["GET"]}}],"collection":[{"href":"https:\/\/www.dokuclinic.com\/de\/wp-json\/wp\/v2\/pages"}],"about":[{"href":"https:\/\/www.dokuclinic.com\/de\/wp-json\/wp\/v2\/types\/page"}],"author":[{"embeddable":true,"href":"https:\/\/www.dokuclinic.com\/de\/wp-json\/wp\/v2\/users\/3"}],"replies":[{"embeddable":true,"href":"https:\/\/www.dokuclinic.com\/de\/wp-json\/wp\/v2\/comments?post=29552"}],"version-history":[{"count":4,"href":"https:\/\/www.dokuclinic.com\/de\/wp-json\/wp\/v2\/pages\/29552\/revisions"}],"predecessor-version":[{"id":29566,"href":"https:\/\/www.dokuclinic.com\/de\/wp-json\/wp\/v2\/pages\/29552\/revisions\/29566"}],"wp:attachment":[{"href":"https:\/\/www.dokuclinic.com\/de\/wp-json\/wp\/v2\/media?parent=29552"}],"curies":[{"name":"wp","href":"https:\/\/api.w.org\/{rel}","templated":true}]}}