{"id":29541,"date":"2022-11-30T14:21:15","date_gmt":"2022-11-30T11:21:15","guid":{"rendered":"https:\/\/www.dokuclinic.com\/politica-della-qualita"},"modified":"2025-10-10T15:39:31","modified_gmt":"2025-10-10T12:39:31","slug":"unsere-qualitaetspolitik","status":"publish","type":"page","link":"https:\/\/www.dokuclinic.com\/de\/unsere-qualitaetspolitik","title":{"rendered":"Unsere Qualit\u00e4tspolitik"},"content":{"rendered":"<h2>Unsere Qualit\u00e4tspolitik<\/h2>\n<ul>\n<li>Bereitstellung komfortabler und wirksamer Gesundheitsdienstleistungen unter Verwendung modernster Technologie im Rahmen ethischer Werte und im Einklang mit nationalen und internationalen Gesundheitsstandards.<\/li>\n<li>Das Ziel ist es, durch Innovationen und Entwicklungen in der Branche eine schnelle und starke Struktur aufrechtzuerhalten und zu den f\u00fchrenden und anerkannten Gesundheitseinrichtungen der Welt zu geh\u00f6ren.<\/li>\n<li>Gesundheitsdienstleistungen anzubieten, die auf die Erwartungen unserer Patienten abgestimmt sind, wobei das \u00e4sthetische Verst\u00e4ndnis und das Sch\u00f6nheitsempfinden in jedem Bereich der Klinik betont werden.<\/li>\n<li>Die Sicherheit und Gesundheit von Patienten, Angeh\u00f6rigen und Mitarbeitern zu sch\u00fctzen und einen komfortablen, sicheren und transparenten Ablauf zu gew\u00e4hrleisten.<\/li>\n<li>Eine bekannte und wirksame Struktur zu schaffen, indem die Anforderungen der sozialen Verantwortung gemeinsam mit allen Interessengruppen erf\u00fcllt werden.<\/li>\n<li>Qualit\u00e4tsservice zu bieten, indem die nachhaltige und effiziente Nutzung von Ressourcen unterst\u00fctzt und die Effizienz durch notwendige Investitionen kontinuierlich gesteigert wird.<\/li>\n<li>Eine Unternehmenskultur zu schaffen, die ihre Mitarbeiter mit einem menschenorientierten Ansatz weiterentwickelt und das Qualit\u00e4tsbewusstsein sowie die Fragestellungsperspektive in jede Aktivit\u00e4t integriert.<\/li>\n<li>Teamgeist auf der Grundlage von gegenseitigem Respekt, Verst\u00e4ndnis, Vertrauen und Kommunikation zu f\u00f6rdern, die Motivation und Zufriedenheit der Mitarbeiter zu erh\u00f6hen und Gesundheitsdienstleistungen mit erfahrenem und qualifiziertem Personal anzubieten.<\/li>\n<li>Die geltenden Anforderungen zu erf\u00fcllen.<\/li>\n<li>Zur Wirtschaft des Landes beizutragen, indem das Volumen und die Qualit\u00e4t der internationalen Operationen kontinuierlich verbessert werden.<\/li>\n<\/ul>\n","protected":false},"excerpt":{"rendered":"<p>Unsere Qualit\u00e4tspolitik Bereitstellung komfortabler und wirksamer Gesundheitsdienstleistungen unter Verwendung modernster Technologie im Rahmen ethischer Werte und im Einklang mit nationalen und internationalen Gesundheitsstandards. Das Ziel ist es, durch Innovationen und Entwicklungen in der Branche eine schnelle und starke Struktur aufrechtzuerhalten und zu den f\u00fchrenden und anerkannten Gesundheitseinrichtungen der Welt zu geh\u00f6ren. Gesundheitsdienstleistungen anzubieten, die auf [&hellip;]<\/p>\n","protected":false},"author":1,"featured_media":0,"parent":0,"menu_order":0,"comment_status":"closed","ping_status":"closed","template":"template\/page-policy.php","meta":{"footnotes":""},"class_list":["post-29541","page","type-page","status-publish","hentry"],"_links":{"self":[{"href":"https:\/\/www.dokuclinic.com\/de\/wp-json\/wp\/v2\/pages\/29541","targetHints":{"allow":["GET"]}}],"collection":[{"href":"https:\/\/www.dokuclinic.com\/de\/wp-json\/wp\/v2\/pages"}],"about":[{"href":"https:\/\/www.dokuclinic.com\/de\/wp-json\/wp\/v2\/types\/page"}],"author":[{"embeddable":true,"href":"https:\/\/www.dokuclinic.com\/de\/wp-json\/wp\/v2\/users\/1"}],"replies":[{"embeddable":true,"href":"https:\/\/www.dokuclinic.com\/de\/wp-json\/wp\/v2\/comments?post=29541"}],"version-history":[{"count":2,"href":"https:\/\/www.dokuclinic.com\/de\/wp-json\/wp\/v2\/pages\/29541\/revisions"}],"predecessor-version":[{"id":29547,"href":"https:\/\/www.dokuclinic.com\/de\/wp-json\/wp\/v2\/pages\/29541\/revisions\/29547"}],"wp:attachment":[{"href":"https:\/\/www.dokuclinic.com\/de\/wp-json\/wp\/v2\/media?parent=29541"}],"curies":[{"name":"wp","href":"https:\/\/api.w.org\/{rel}","templated":true}]}}