{"id":20808,"date":"2022-11-30T14:46:50","date_gmt":"2022-11-30T11:46:50","guid":{"rendered":"https:\/\/www.dokuclinic.com\/cookie-richtlinie"},"modified":"2025-10-10T15:10:47","modified_gmt":"2025-10-10T12:10:47","slug":"cookie-richtlinie","status":"publish","type":"page","link":"https:\/\/www.dokuclinic.com\/de\/cookie-richtlinie","title":{"rendered":"Cookie-Richtlinie"},"content":{"rendered":"<h2><strong>DOKU \u00c4STHETIK UND GESUNDHEITSWESEN HANDEL. GMBH. Co. <\/strong><\/h2>\n<p>Wir m\u00f6chten darauf hinweisen, dass wir auf unserer Website Cookies verwenden, wobei wir \u00e4u\u00dferste Sensibilit\u00e4t f\u00fcr die Verarbeitung personenbezogener Daten unserer Website-Besucher gem\u00e4\u00df dem Gesetz zum Schutz personenbezogener Daten Nr. 6698 und anderen einschl\u00e4gigen Gesetzen (\u201e<strong>KVK-Gesetzgebung<\/strong>\u201c).<\/p>\n<p>Der Zweck dieser Cookie-Richtlinie besteht darin, Sie \u00fcber die Arten und Zwecke der Verwendung von Cookies zu informieren, die durch den Besuch der von uns betriebenen Website <a href=\"https:\/\/www.dokuclinic.com\/de\">www.dokuclinic.com<\/a> (\u201e<strong>Website<\/strong>\u201c) erhalten werden durch die Benutzer\/Mitglieder\/Besucher der Website (\u201e<strong>Dateneigent\u00fcmer<\/strong>\u201c).<\/p>\n<h3><strong>Was ist ein Cookie?<\/strong><\/h3>\n<p>Cookies sind kleine Textdateien, meist Buchstaben oder Zahlen, die auf Ihrem Computer oder Mobilger\u00e4t (\u201e<strong>Ger\u00e4t<\/strong>\u201c) gespeichert werden und die eine Identifizierung des Ger\u00e4ts erm\u00f6glichen, wenn Sie eine Website besuchen.<\/p>\n<h3><strong>Welche personenbezogenen Daten von Ihnen werden durch Cookies verarbeitet? <\/strong><\/h3>\n<p>Ihre Nutzungs- und Besuchsgewohnheiten auf der Website, Ihre Sitzungsinformationen, vergangenen Transaktionen und Browsing-Informationen werden durch Cookies verarbeitet.<\/p>\n<h3><strong>Mit welcher Methode und zu welchem Zweck werden Cookies gesammelt?<\/strong><\/h3>\n<ul>\n<li>Als Unternehmen verarbeiten wir Ihre personenbezogenen Daten, die aus Cookies bestehen, die wir \u00fcber Protokolldateien, leere GIF-Dateien und\/oder Drittquellen sammeln, in \u00dcbereinstimmung mit der KVK-Gesetzgebung und beschr\u00e4nkt auf die unten genannten Zwecke:<\/li>\n<li>Um unseren Website-Besuchern einen besseren Service bieten zu k\u00f6nnen, werden Ihre Browsing-Informationen auf der Website zu diesem Zweck verarbeitet, an Dritte weitergegeben und sicher gespeichert.<\/li>\n<li>Ihre vergangenen Transaktionen werden gespeichert, um eine Zusammenfassung Ihrer Pr\u00e4ferenzen zu erstellen.<br \/>\n\u2022 Mit Ihrer Marketingerlaubnis k\u00f6nnen Ihre Browsing-Informationen und\/oder Ihr Nutzungsverlauf auf der Website \u00fcberwacht werden, um Sonderaktionen durchzuf\u00fchren, Werbeaktionen und Marketingangebote anzubieten, den Inhalt der Website gem\u00e4\u00df Ihren W\u00fcnschen zu verbessern und\/oder Ihre W\u00fcnsche zu bestimmen Vorlieben.<\/li>\n<li>Funktionale und analytische Cookies werden verwendet, um zu analysieren, wie Sie die Website genutzt haben, und um Ihre Erfahrung bei der Nutzung der Website zu verbessern.<\/li>\n<li>Werbe-Cookies werden f\u00fcr Werbe-\/Werbezwecke verwendet, um Inhalte und Werbung zu pr\u00e4sentieren, die Ihren Interessen und Ihnen besser entspricht. Auf diese Weise werden Ihnen bei der Nutzung der Website geeignetere Inhalte, personalisierte Kampagnen und Produkte angeboten, und die Inhalte oder M\u00f6glichkeiten, die Sie zuvor angegeben haben, dass Sie sie nicht m\u00f6chten, werden nicht erneut angeboten. Die Werbetechnologie verwendet Informationen \u00fcber Ihre vorherigen Besuche auf der Website und den Websites, auf denen die Website wirbt, um Ihnen ma\u00dfgeschneiderte Werbung zu liefern. Wenn diese Anzeigen geschaltet werden, wird m\u00f6glicherweise ein eindeutiges Drittanbieter-Cookie in Ihrem Browser platziert, damit die Website Sie erkennen kann.<\/li>\n<\/ul>\n<p>Das Unternehmen kann Informationen, die online und offline durch verschiedene Methoden gesammelt wurden, oder Informationen, die von Ihnen auf der Website zu unterschiedlichen Zeiten gesammelt wurden, abgleichen und diese Informationen in Verbindung mit Informationen aus anderen Quellen, wie z. B. Dritten, verwenden.<\/p>\n<h3><strong>Welche Arten von Cookies werden verwendet?<\/strong><\/h3>\n<p>Unsere Website verwendet sowohl Erstanbieter-Cookies (die von der von Ihnen besuchten Website platziert werden) als auch Drittanbieter-Cookies (die von anderen Servern als der von Ihnen besuchten Website platziert werden). Nachfolgend finden Sie die verschiedenen Arten von Cookies, die wir auf unserer Website verwenden:<\/p>\n<p><strong>Obligatorische (grundlegende) Cookies:<\/strong><\/p>\n<p>Dies sind die Cookies, die zwingend erforderlich sind, damit die Website ordnungsgem\u00e4\u00df funktioniert und Sie von ihren Funktionen und Diensten profitieren k\u00f6nnen. Beispielsweise stellen Authentifizierungs-Cookies, die aktiviert werden, wenn Sie sich auf unserer Website anmelden, sicher, dass Ihre aktive Sitzung fortgesetzt wird, wenn Sie auf unserer Website von einer Seite zur anderen wechseln. Das Deaktivieren dieser Cookies kann dazu f\u00fchren, dass Dienste und Funktionen nicht verf\u00fcgbar sind.<\/p>\n<p><strong>Persistente Cookies:<\/strong><\/p>\n<p>Dies sind die Cookies, die verwendet werden, um die Funktionalit\u00e4t der Website zu erh\u00f6hen und unseren Besuchern einen schnelleren und besseren Service zu bieten, und sind g\u00fcltig, bis sie von Ihnen \u00fcber Browser gel\u00f6scht werden oder bis zu ihrem Ablaufdatum. Diese Arten von Cookies werden verwendet, um die von Ihnen getroffenen Entscheidungen zu speichern und Ihre Nutzung der Website zu personalisieren. Diese Verwendung umfasst Cookies, die Ihr Passwort speichern und Ihre Website-Sitzung offen halten, wodurch Sie sich die M\u00fche ersparen, Ihr Passwort mehr als einmal bei jedem Besuch einzugeben, und andere Cookies, die sich an Sie erinnern und Sie bei sp\u00e4teren Besuchen der Website wiedererkennen.<\/p>\n<p><strong>Sitzungscookies: <\/strong><\/p>\n<p>Dies sind tempor\u00e4re Cookies, die w\u00e4hrend Ihres Besuchs auf der Website verwendet und nach dem Schlie\u00dfen des Browsers gel\u00f6scht werden. Solche Cookies enthalten keine personenbezogenen Daten und tragen dazu bei, die Notwendigkeit der \u00dcbertragung personenbezogener Daten \u00fcber das Internet zu verringern. Sie k\u00f6nnen diese Cookies l\u00f6schen oder deren Verwendung verhindern; Das Deaktivieren dieser Cookies kann jedoch zu einer schlechten Leistung der Website f\u00fchren und Ihre Benutzererfahrung einschr\u00e4nken.<\/p>\n<p><strong>Funktionale und analytische Cookies: <\/strong><\/p>\n<p>Dies sind Cookies, die verwendet werden, um festzustellen, wie Sie die Website nutzen, einschlie\u00dflich der Verfolgung, wie Sie die Website nutzen, z. B. wo Sie eine Verbindung zur Website herstellen, welche Inhalte Sie auf der Website anzeigen und die Dauer Ihres Besuchs. <strong>Werbe-Cookies<\/strong>:<\/p>\n<p>Dies sind Cookies, die uns helfen, Inhalte auf der Website bereitzustellen, die Ihren Interessen und Bed\u00fcrfnissen entsprechen.<\/p>\n<p><strong>Flash-Cookies:<\/strong><\/p>\n<p>Dies sind die Cookies, die verwendet werden, um den Bild- oder Audioinhalt auf der Website zu aktivieren.<\/p>\n<h2><strong>Google Analytics<\/strong><\/h2>\n<ul>\n<li>Funktion: \u00dcberwachung \/ Analyse<\/li>\n<li>Nutzungszweck: Um die Besucherbewegungen auf der Website aus verschiedenen Perspektiven zu messen und zu analysieren, um die Leistung und das Benutzererlebnis zu steigern.<\/li>\n<li>Betriebsmodus: Liefert anonyme aggregierte Daten dar\u00fcber, durch welche Bildschirme Sie navigieren und was Sie auf der Website <u>dokumedical.com<\/u> tun.<\/li>\n<li>Cookie-Typ: Drittanbieter-, dauerhafte und Sitzungs-Cookies<\/li>\n<\/ul>\n<h2><strong>Google AdWords<\/strong><\/h2>\n<ul>\n<li>Funktion: Cross-Site Monitoring \u2022<\/li>\n<\/ul>\n<p>Verwendungszweck: Um unsere Werbung basierend auf Ihrem Surfverhalten auf Sie zugeschnitten anzeigen zu k\u00f6nnen.<\/p>\n<ul>\n<li>Betriebsmodus: Liefert anonyme Informationen \u00fcber Besucher, wie z. B. die besuchten Seiten vor und nach dem Surfen auf der K\u00fctahya Porselen-Website.<\/li>\n<li>Cookie-Typ: Drittanbieter-, dauerhafte und Sitzungs-Cookies<\/li>\n<\/ul>\n<h2><strong>SkySection<\/strong><\/h2>\n<ul>\n<li>Funktion: \u00dcberwachung \/ Analyse<\/li>\n<li>Nutzungszweck: Um die Effizienz der geplanten Kampagnen zu steigern, um verschiedene Werbemitteilungen (Remarketing usw.) gem\u00e4\u00df dem Benutzerprofil anzubieten, um Informationen \u00fcber die Besucher der Website zu sammeln, um bei der Erstellung zu helfen Zukunftspl\u00e4ne.<\/li>\n<li>Betriebsmodus: Geografische (Standort) und technische Informationen (IP, Ger\u00e4t, Browser, Betriebssystem usw.) der Benutzer, die auf die Website <u>dokumedical.com<\/u> kommen, werden von der neu entwickelten bereitgestellt Adserver-Software.<\/li>\n<li>Cookie-Typ: Drittanbieter-, dauerhafte und Sitzungs-Cookies<\/li>\n<\/ul>\n<h3><strong>Wie k\u00f6nnen Sie die Verwendung von Cookies kontrollieren?<\/strong><\/h3>\n<p>Die Verwendung von Cookies ist f\u00fcr die Nutzung unserer Website nicht zwingend erforderlich; Sie haben die M\u00f6glichkeit, Ihre Pr\u00e4ferenzen in Bezug auf Cookies anzupassen, indem Sie die Einstellungen Ihres Browsers \u00e4ndern.<\/p>\n<p>Wenn Sie Ihren Browser so einstellen, dass alle Cookies blockiert werden, k\u00f6nnen Sie unsere Website weiterhin nutzen; Sie k\u00f6nnen jedoch m\u00f6glicherweise nicht auf alle Funktionen der Website zugreifen oder haben nur eingeschr\u00e4nkten Zugriff darauf, und die Qualit\u00e4t Ihrer Benutzererfahrung kann sich verschlechtern.<\/p>\n<p>Adobe Analytics<\/p>\n<p><a href=\"https:\/\/www.adobe.com\/uk\/privacy\/opt-out.html%3Cbr%3E%3Cstrong%3EAOL%3C\/strong%3E%3Cbr%3Ehttps:\/help.aol.com\/articles\/restore-security-settings-and-enable-cookie-settings-on-browser%3Cbr%3E%3Cstrong%3EGoogle\" target=\"_blank\" rel=\"noopener\">https:\/\/www.adobe.com\/uk\/privac&#8230;<\/a>\u00a0Adwords<br \/>\n<a href=\"https:\/\/support.google.com\/ads\/answer\/2662922?hl=en%3Cbr%3E%3Cstrong%3EGoogle\" target=\"_blank\" rel=\"noopener\">https:\/\/support.google.com\/ads&#8230;<\/a>\u00a0Analytics<br \/>\n<a href=\"https:\/\/tools.google.com\/dlpage\/gaoptout%3Cbr%3E%3Cstrong%3EGoogle\" target=\"_blank\" rel=\"noopener\">https:\/\/tools.google.com\/dlpag&#8230;<\/a>\u00a0Chrome<br \/>\n<a href=\"https:\/\/www.google.com\/support\/chrome\/bin\/answer.py?hl=en&amp;answer=95647%3Cbr%3E%3Cstrong%3EInternet\" target=\"_blank\" rel=\"noopener\">https:\/\/www.google.com\/support\/&#8230;<\/a>\u00a0Explorer<br \/>\n<a href=\"https:\/\/support.microsoft.com\/en-us\/help\/17442\/windows-internet-explorer-delete-manage-cookies%3Cbr%3E%3Cstrong%3EMozilla\" target=\"_blank\" rel=\"noopener\">https:\/\/support.microsoft.com\/&#8230;<\/a>\u00a0Firefox<br \/>\n<a href=\"https:\/\/support.mozilla.com\/en-US\/kb\/Cookies%3Cbr%3E%3Cstrong%3EOpera%3C\/strong%3E%3Cbr%3Ehttp:\/www.opera.com\/browser\/tutorials\/security\/privacy\/%3Cbr%3E%3Cstrong%3ESafari%3C\/strong%3E%3Cbr%3Ehttps:\/support.apple.com\/kb\/ph19214?locale=tr\" target=\"_blank\" rel=\"noopener\">https:\/\/support.mozilla.com\/en-&#8230;<\/a>\u00a0TR<\/p>\n<h3><strong>Welche Rechte haben Sie als Dateneigent\u00fcmer? <\/strong><\/h3>\n<p>Gem\u00e4\u00df Artikel 11 der KVKK m\u00f6chten wir Sie dar\u00fcber informieren, dass Sie das Recht haben:<\/p>\n<ul>\n<li>zu erfahren, ob Ihre personenbezogenen Daten verarbeitet wurden,<\/li>\n<li>Informationen dar\u00fcber zu verlangen, ob sie verarbeitet wurden,<\/li>\n<li>zu erfahren, zu welchem Zweck Ihre Daten verarbeitet und ob sie gem\u00e4\u00df dem angegebenen Zweck verwendet werden,<\/li>\n<li>zu wissen, an welche Dritten personenbezogene Daten im In- oder Ausland \u00fcbermittelt werden,<\/li>\n<li>sowohl die Berichtigung personenbezogener Daten im Falle einer unvollst\u00e4ndigen oder fehlerhaften Verarbeitung zu verlangen als auch die Mitteilung der in diesem Rahmen get\u00e4tigten Transaktionen an Dritte, an die die personenbezogenen Daten \u00fcbermittelt wurden,<\/li>\n<li>die L\u00f6schung oder Vernichtung personenbezogener Daten zu verlangen, falls die Gr\u00fcnde f\u00fcr ihre Verarbeitung entfallen sind, obwohl sie gem\u00e4\u00df den Bestimmungen der KVKK und anderer relevanter Gesetze verarbeitet wurden, sowie die Benachrichtigung \u00fcber die get\u00e4tigte Transaktion in diesem Rahmen an Dritte, denen die personenbezogenen Daten \u00fcbermittelt wurden,<\/li>\n<li>der Entstehung eines Ergebnisses gegen die Person selbst zu widersprechen, indem die verarbeiteten Daten ausschlie\u00dflich durch automatisierte Systeme analysiert werden,<\/li>\n<li>Schadensersatz wegen unrechtm\u00e4\u00dfiger Verarbeitung personenbezogener Daten zu verlangen.<\/li>\n<\/ul>\n<p>Sie k\u00f6nnen Ihre Anfragen zu Ihren betreffenden Rechten vorzugsweise durch Ausf\u00fcllen aller Informationen, die im <u>Antragsformular f\u00fcr relevante Personen<\/u> auf unserer Website angegeben und von Ihnen angefordert werden, oder durch andere vom Vorstand festzulegende Methoden \u00fcbermitteln Zukunft wie folgt,<\/p>\n<ul>\n<li>Indem Sie pers\u00f6nlich zu unserer Zentrale in Merkez Mh. Istiklal Sok. Nr.: 9 \u015ei\u015fli, Istanbul \u2013 T\u00fcrkei,<\/li>\n<li>schriftlich, durch einen Notar oder per Einschreiben mit R\u00fcckschein, um Ihren Ausweis identifizieren zu k\u00f6nnen und nicht die falschen Personen zu informieren,<\/li>\n<li>\u00dcber unsere registrierte E-Mail-Adresse (KEP) als <u>dokumedical@hs03.kep.tr,<\/u> \u2022 (falls vorhanden) durch Senden einer E-Mail an <u>info@dokumedical.com&lt; \/u&gt; oder unter Verwendung der Doku Medical zuvor mitgeteilten und in unseren Systemen registrierten E-Mail-Adresse.<\/u><\/li>\n<\/ul>\n","protected":false},"excerpt":{"rendered":"<p>DOKU \u00c4STHETIK UND GESUNDHEITSWESEN HANDEL. GMBH. Co. Wir m\u00f6chten darauf hinweisen, dass wir auf unserer Website Cookies verwenden, wobei wir \u00e4u\u00dferste Sensibilit\u00e4t f\u00fcr die Verarbeitung personenbezogener Daten unserer Website-Besucher gem\u00e4\u00df dem Gesetz zum Schutz personenbezogener Daten Nr. 6698 und anderen einschl\u00e4gigen Gesetzen (\u201eKVK-Gesetzgebung\u201c). Der Zweck dieser Cookie-Richtlinie besteht darin, Sie \u00fcber die Arten und Zwecke [&hellip;]<\/p>\n","protected":false},"author":1,"featured_media":0,"parent":0,"menu_order":0,"comment_status":"closed","ping_status":"closed","template":"template\/page-policy.php","meta":{"footnotes":""},"class_list":["post-20808","page","type-page","status-publish","hentry"],"_links":{"self":[{"href":"https:\/\/www.dokuclinic.com\/de\/wp-json\/wp\/v2\/pages\/20808","targetHints":{"allow":["GET"]}}],"collection":[{"href":"https:\/\/www.dokuclinic.com\/de\/wp-json\/wp\/v2\/pages"}],"about":[{"href":"https:\/\/www.dokuclinic.com\/de\/wp-json\/wp\/v2\/types\/page"}],"author":[{"embeddable":true,"href":"https:\/\/www.dokuclinic.com\/de\/wp-json\/wp\/v2\/users\/1"}],"replies":[{"embeddable":true,"href":"https:\/\/www.dokuclinic.com\/de\/wp-json\/wp\/v2\/comments?post=20808"}],"version-history":[{"count":1,"href":"https:\/\/www.dokuclinic.com\/de\/wp-json\/wp\/v2\/pages\/20808\/revisions"}],"predecessor-version":[{"id":29514,"href":"https:\/\/www.dokuclinic.com\/de\/wp-json\/wp\/v2\/pages\/20808\/revisions\/29514"}],"wp:attachment":[{"href":"https:\/\/www.dokuclinic.com\/de\/wp-json\/wp\/v2\/media?parent=20808"}],"curies":[{"name":"wp","href":"https:\/\/api.w.org\/{rel}","templated":true}]}}