{"id":20806,"date":"2022-12-13T15:34:43","date_gmt":"2022-12-13T12:34:43","guid":{"rendered":"https:\/\/www.dokuclinic.com\/humanressourcen"},"modified":"2022-12-13T15:34:43","modified_gmt":"2022-12-13T12:34:43","slug":"humanressourcen","status":"publish","type":"page","link":"https:\/\/www.dokuclinic.com\/de\/humanressourcen","title":{"rendered":"Humanressourcen"},"content":{"rendered":"<p><img loading=\"lazy\" decoding=\"async\" class=\"aligncenter size-medium wp-image-1993\" style=\"float: left; margin: 10px;\" src=\"https:\/\/www.dokuclinic.com\/de\/wp-content\/uploads\/2023\/02\/image-5.png\" alt=\"\" width=\"350\" height=\"450\" title=\"\"><\/p>\n<p>Doku Clinic handelt in seiner Personalpolitik nach dem Grundsatz \u201eDie richtige Person f\u00fcr den richtigen Job\u201c und arbeitet mit seinem professionellen Team, das aus gut ausgestatteten, flei\u00dfigen und verantwortungsbewussten Personen besteht, wie eine Familie zusammen, um die beste Gesundheitsversorgung zu bieten f\u00fcr Patienten aus aller Welt.<\/p>\n<p>Ausgehend davon, dass unser wertvollstes Gut der Mensch ist, betrachten wir es als unsere Priorit\u00e4t, das Wohlergehen aller unserer Mitarbeiter zu steigern, um die Mitarbeiterzufriedenheit zu steigern. In diesem Sinne bieten wir neben passenden Arbeitsbedingungen auch betriebliche Weiterbildungs-, pers\u00f6nliche Weiterentwicklungs- und Inhouse-F\u00f6rderm\u00f6glichkeiten an, um unseren Mitarbeitern eine gesunde Work-Life-Balance zu erm\u00f6glichen.<\/p>\n<h3>Wer ist Doku Clinic-Mitarbeiter?<\/h3>\n<p>Jeder professionelle Mitarbeiter, der sich darauf konzentriert, sich selbst, sein Team und sein Unternehmen zu verbessern, mit den neuesten technologischen Entwicklungen Schritt zu halten, mit Teamarbeit kompatibel ist, hochmotiviert, erfolgsorientiert und unternehmerisch zugeh\u00f6rig ist, ist ein potenzieller Mitarbeiter von Doku Clinic.<\/p>\n","protected":false},"excerpt":{"rendered":"<p>Doku Clinic handelt in seiner Personalpolitik nach dem Grundsatz \u201eDie richtige Person f\u00fcr den richtigen Job\u201c und arbeitet mit seinem professionellen Team, das aus gut ausgestatteten, flei\u00dfigen und verantwortungsbewussten Personen besteht, wie eine Familie zusammen, um die beste Gesundheitsversorgung zu bieten f\u00fcr Patienten aus aller Welt. Ausgehend davon, dass unser wertvollstes Gut der Mensch ist, [&hellip;]<\/p>\n","protected":false},"author":1,"featured_media":31949,"parent":0,"menu_order":0,"comment_status":"closed","ping_status":"closed","template":"template\/ik.php","meta":{"footnotes":""},"class_list":["post-20806","page","type-page","status-publish","has-post-thumbnail","hentry"],"_links":{"self":[{"href":"https:\/\/www.dokuclinic.com\/de\/wp-json\/wp\/v2\/pages\/20806","targetHints":{"allow":["GET"]}}],"collection":[{"href":"https:\/\/www.dokuclinic.com\/de\/wp-json\/wp\/v2\/pages"}],"about":[{"href":"https:\/\/www.dokuclinic.com\/de\/wp-json\/wp\/v2\/types\/page"}],"author":[{"embeddable":true,"href":"https:\/\/www.dokuclinic.com\/de\/wp-json\/wp\/v2\/users\/1"}],"replies":[{"embeddable":true,"href":"https:\/\/www.dokuclinic.com\/de\/wp-json\/wp\/v2\/comments?post=20806"}],"version-history":[{"count":0,"href":"https:\/\/www.dokuclinic.com\/de\/wp-json\/wp\/v2\/pages\/20806\/revisions"}],"wp:featuredmedia":[{"embeddable":true,"href":"https:\/\/www.dokuclinic.com\/de\/wp-json\/wp\/v2\/media\/31949"}],"wp:attachment":[{"href":"https:\/\/www.dokuclinic.com\/de\/wp-json\/wp\/v2\/media?parent=20806"}],"curies":[{"name":"wp","href":"https:\/\/api.w.org\/{rel}","templated":true}]}}