{"id":20805,"date":"2025-05-15T12:24:25","date_gmt":"2025-05-15T09:24:25","guid":{"rendered":"https:\/\/www.dokuclinic.com\/qualitaetsrichtlinie"},"modified":"2025-05-15T12:24:25","modified_gmt":"2025-05-15T09:24:25","slug":"qualitaetsrichtlinie","status":"publish","type":"page","link":"https:\/\/www.dokuclinic.com\/de\/qualitaetsrichtlinie","title":{"rendered":"Qualit\u00e4tsrichtlinie"},"content":{"rendered":"<h2>Unsere Qualit\u00e4tspolitik<\/h2>\n<ul>\n<li>Komfortable und effektive Gesundheitsdienstleistungen durch den Einsatz neuester Technologie im Rahmen ethischer Werte im Lichte nationaler und internationaler Gesundheitsstandards in unseren Praxen anzubieten.<\/li>\n<li>Ziel ist es, seine schnelle und starke Struktur mit den Innovationen und Innovationen in der Branche aufrechtzuerhalten und eine der f\u00fchrenden Gesundheitseinrichtungen der Welt zu sein, die weltweit referenziert wird.<\/li>\n<li>Gesundheitsdienstleistungen anzubieten, die mit den Erwartungen unserer Patienten integriert sind, indem das \u00e4sthetische Verst\u00e4ndnis und die Wahrnehmung von Sch\u00f6nheit an jedem Punkt der Klinik betont werden.<\/li>\n<li>Um die Sicherheit und Gesundheit von Patienten, Angeh\u00f6rigen und Mitarbeitern zu sch\u00fctzen, um endlosen Komfort und einen sicheren, klaren und verst\u00e4ndlichen Prozess zu bieten.<br \/>\nEine bekannte und wirksame Struktur zu erreichen, indem sie die Anforderungen ihrer sozialen Verantwortung gemeinsam mit allen ihren Interessengruppen erf\u00fcllt.<\/li>\n<li>Qualitativ hochwertige Dienstleistungen zu erbringen, indem eine nachhaltige, effektive Ressourcennutzung unterst\u00fctzt und die Effizienz durch notwendige Investitionen kontinuierlich gesteigert wird.<\/li>\n<li>Eine Unternehmenskultur zu schaffen, die ihre Mitarbeiter mit einem menschenorientierten Ansatz entwickelt und Qualit\u00e4tsbewusstsein und hinterfragende Perspektiven in jedem Handeln ber\u00fccksichtigt.<\/li>\n<li>Einen Teamgeist in gegenseitigem Respekt, Verst\u00e4ndnis, Vertrauen und Kommunikation zu schaffen, die Motivation und Zufriedenheit der Mitarbeiter zu steigern und mit erfahrenen und kompetenten Mitarbeitern Gesundheitsdienstleistungen anzubieten.<\/li>\n<li>Geltende Anforderungen erf\u00fcllen.<\/li>\n<li>Beitrag zur Wirtschaft des Landes durch kontinuierliche Verbesserung des Volumens und der Qualit\u00e4t der Auslandsgesch\u00e4fte.<\/li>\n<\/ul>\n","protected":false},"excerpt":{"rendered":"<p>Unsere Qualit\u00e4tspolitik Komfortable und effektive Gesundheitsdienstleistungen durch den Einsatz neuester Technologie im Rahmen ethischer Werte im Lichte nationaler und internationaler Gesundheitsstandards in unseren Praxen anzubieten. Ziel ist es, seine schnelle und starke Struktur mit den Innovationen und Innovationen in der Branche aufrechtzuerhalten und eine der f\u00fchrenden Gesundheitseinrichtungen der Welt zu sein, die weltweit referenziert wird. [&hellip;]<\/p>\n","protected":false},"author":3,"featured_media":0,"parent":0,"menu_order":0,"comment_status":"closed","ping_status":"closed","template":"template\/page-company.php","meta":{"footnotes":""},"class_list":["post-20805","page","type-page","status-publish","hentry"],"_links":{"self":[{"href":"https:\/\/www.dokuclinic.com\/de\/wp-json\/wp\/v2\/pages\/20805","targetHints":{"allow":["GET"]}}],"collection":[{"href":"https:\/\/www.dokuclinic.com\/de\/wp-json\/wp\/v2\/pages"}],"about":[{"href":"https:\/\/www.dokuclinic.com\/de\/wp-json\/wp\/v2\/types\/page"}],"author":[{"embeddable":true,"href":"https:\/\/www.dokuclinic.com\/de\/wp-json\/wp\/v2\/users\/3"}],"replies":[{"embeddable":true,"href":"https:\/\/www.dokuclinic.com\/de\/wp-json\/wp\/v2\/comments?post=20805"}],"version-history":[{"count":0,"href":"https:\/\/www.dokuclinic.com\/de\/wp-json\/wp\/v2\/pages\/20805\/revisions"}],"wp:attachment":[{"href":"https:\/\/www.dokuclinic.com\/de\/wp-json\/wp\/v2\/media?parent=20805"}],"curies":[{"name":"wp","href":"https:\/\/api.w.org\/{rel}","templated":true}]}}