{"id":20804,"date":"2022-11-30T13:27:02","date_gmt":"2022-11-30T10:27:02","guid":{"rendered":"https:\/\/www.dokuclinic.com\/ueber-uns"},"modified":"2022-11-30T13:27:02","modified_gmt":"2022-11-30T10:27:02","slug":"ueber-uns","status":"publish","type":"page","link":"https:\/\/www.dokuclinic.com\/de\/ueber-uns","title":{"rendered":"\u00dcber uns"},"content":{"rendered":"<div class=\"container-fluid\">\n<div class=\"bannerText\">Doku Clinic verbindet Kunst und Sch\u00f6nheit in Istanbul! Es bietet alles, was Sie brauchen, mit sicheren, sterilisierten und lebensver\u00e4ndernden Operationen.<\/div>\n<\/div>\n<div class=\"lyte-wrapper\" style=\"width:1280px;max-width:100%;margin:5px;\"><div class=\"lyMe hidef\" id=\"WYL_II9o0fRc2aw\"><div id=\"lyte_II9o0fRc2aw\" data-src=\"https:\/\/www.dokuclinic.com\/wp-content\/plugins\/wp-youtube-lyte\/lyteCache.php?origThumbUrl=%2F%2Fi.ytimg.com%2Fvi%2FII9o0fRc2aw%2Fmaxresdefault.jpg\" class=\"pL\"><div class=\"tC\"><div class=\"tT\"><\/div><\/div><div class=\"play\"><\/div><div class=\"ctrl\"><div class=\"Lctrl\"><\/div><div class=\"Rctrl\"><\/div><\/div><\/div><noscript><a href=\"https:\/\/youtu.be\/II9o0fRc2aw\" rel=\"nofollow noopener\" target=\"_blank\"><img loading=\"lazy\" decoding=\"async\" src=\"https:\/\/www.dokuclinic.com\/wp-content\/plugins\/wp-youtube-lyte\/lyteCache.php?origThumbUrl=https%3A%2F%2Fi.ytimg.com%2Fvi%2FII9o0fRc2aw%2F0.jpg\" alt=\"YouTube-Video-Vorschaubild\" width=\"1280\" height=\"700\" title=\"\"><br \/>Dieses Video auf YouTube ansehen<\/a><\/noscript><\/div><\/div><div class=\"lL\" style=\"max-width:100%;width:1280px;margin:5px;\"><\/div><\/p>\n<h2>ine sch\u00f6ne Note f\u00fcr die Welt: Doku Clinic<\/h2>\n<p>Doku Clinic bietet in seiner 5.000 m2 gro\u00dfen Klinik in \u015ei\u015fli, dem Zentrum Istanbuls, A+ Dienstleistungen im Bereich der medizinischen \u00c4sthetik und der plastischen Chirurgie. Mit 400 medizinischen Fachkr\u00e4ften und fast 20 Fach\u00e4rzten bietet die Klinik Patienten aus aller Welt verschiedene L\u00f6sungsvorschl\u00e4ge an.<\/p>\n<p>Doku Clinic setzt die neuesten Technologien im Rahmen ethischer Werte und unter Ber\u00fccksichtigung nationaler und internationaler Gesundheitsstandards ein und m\u00f6chte den Patienten einen Mehrwert f\u00fcr ihre Zukunft bieten. Die Klinik hat sich mit ihrer erfolgreichen Arbeit in den Bereichen Haartransplantation, Hautverj\u00fcngung, regionale Ausd\u00fcnnung, Laserbehandlungen, F\u00fcllungen und plastische Chirurgie einen Namen gemacht und bietet den Patienten seit vielen Jahren die genauesten und nat\u00fcrlichsten L\u00f6sungen.<\/p>\n<p>Mit dem Ziel, die gew\u00f6hnliche klinische Wahrnehmung mit Hunderten von Kunstwerken und einem \u00e4sthetischen architektonischen Verst\u00e4ndnis in der Klinik zu ver\u00e4ndern, plant Doku Clinic die Erfahrungen der Patienten, ohne sie in Pr\u00e4- und Post-Prozedur zu unterteilen. Dabei strebt das Unternehmen nicht nur nach der h\u00f6chsten Qualit\u00e4t der Dienstleistungen, sondern auch nach einem raschen und starken Fortschritt bei den Innovationen, die es eingef\u00fchrt hat.<\/p>\n<p>&#8222;Doku Medikal \u00f6ffnet seinen Patienten die T\u00fcr zu einer neuen, sch\u00f6nen und wertvollen Welt und freut sich sehr, ihr Leben zu ber\u00fchren.&#8220;<\/p>\n<h2>Die Gr\u00fcndungsgeschichte<\/h2>\n<p>Doku Clinic wurde 2017 von den spezialisierten Dermatologen Dr. Serkan &amp; Melda Ayg\u0131n gegr\u00fcndet, mit der Gr\u00fcndungsphilosophie, den Patienten die Weltklasse-Erfahrung und das Wissen der T\u00fcrkei im Bereich der Gesundheitsversorgung zur Verf\u00fcgung zu stellen. Der erfolgreiche Arzt Serkan Ayg\u0131n, der seit 1996 beruflich im Gesundheitssektor t\u00e4tig ist und sich mit der Doctor Serkan Ayg\u0131n Clinic einen Namen im Bereich der Haartransplantation gemacht hat, setzt mit seiner mehr als 25-j\u00e4hrigen Erfahrung Akzente in diesem Bereich.<\/p>\n<p>Seine Mission ist es, als Gesundheitseinrichtung zu dienen, die nationalen und internationalen Standards entspricht, ethische Werte hat, zeitgen\u00f6ssischen Innovationen folgt, mit ihren Dienstleistungen ein Vorreiter ist und von anderen Gesundheitseinrichtungen als Beispiel daf\u00fcr genommen wird, dass Doku Clinic genaue, zuverl\u00e4ssige und l\u00f6sungsorientierte Dienstleistungen anbieten will.<\/p>\n<p>Mit dem Ziel, die Zufriedenheit der Patienten zu gew\u00e4hrleisten, mit ihrem Team und ihrer Infrastruktur ein Vorbild f\u00fcr die T\u00fcrkei zu sein und zu den Gesundheitseinrichtungen zu geh\u00f6ren, auf die in der Welt verwiesen wird, verfolgt die Klinik die Vision, ihren Erfolg als Vorreiter in der Branche, beispielhaft in ihren Dienstleistungen und erste Wahl f\u00fcr die Patienten dauerhaft zu machen.<\/p>\n<p>Mehr als 100 Kunstwerke befinden sich in der Klinik, wobei das Ehepaar Aygin, das auch Kunstsammler ist, darauf bedacht ist, das \u00e4sthetische Verst\u00e4ndnis und die Wahrnehmung der Sch\u00f6nheit in jedem Punkt der Klinik widerzuspiegeln. Die Klinik, die Werke wertvoller K\u00fcnstler wie Ahmet G\u00fcne\u015ftekin, Burhan Do\u011fan\u00e7ay, Carole Feuerman, Daniele Sigalot, Emre Namyeter und Se\u00e7kin Pirim beherbergt, bietet die M\u00f6glichkeit, die Beziehung zwischen Sch\u00f6nheit und Kunst n\u00e4her zu beleuchten.<\/p>\n<p><img loading=\"lazy\" decoding=\"async\" class=\"aligncenter size-medium wp-image-1815\" src=\"https:\/\/www.dokuclinic.com\/de\/wp-content\/uploads\/2023\/01\/Yn42pU0k.jpg\" alt=\"\" width=\"700\" height=\"350\" title=\"\" srcset=\"https:\/\/www.dokuclinic.com\/wp-content\/uploads\/2023\/01\/Yn42pU0k.jpg 1181w, https:\/\/www.dokuclinic.com\/wp-content\/uploads\/2023\/01\/Yn42pU0k-300x150.jpg 300w, https:\/\/www.dokuclinic.com\/wp-content\/uploads\/2023\/01\/Yn42pU0k-1024x512.jpg 1024w, https:\/\/www.dokuclinic.com\/wp-content\/uploads\/2023\/01\/Yn42pU0k-768x384.jpg 768w\" sizes=\"auto, (max-width: 700px) 100vw, 700px\" \/><\/p>\n<p>Es betrachtet jede Art von Abfallentsorgung als Verlust nat\u00fcrlicher Ressourcen und entwickelt Methoden, um die Verschmutzung an der Quelle zu verhindern, entwickelt innovative L\u00f6sungen in seinen Produkten und Prozessen, um den Klimawandel zu bek\u00e4mpfen, schult seine Mitarbeiter und nutzt Instrumente zur kontinuierlichen Verbesserung, um den Energie- und Wasserverbrauch, das Abfallaufkommen, die Wasser- und Luftemissionen zu verringern. Ein weiteres Ziel ist es, die Zahl der arbeitsbedingten Unf\u00e4lle und Berufskrankheiten durch ein Arbeitsschutzmanagementsystem auf Null zu senken. Dies erm\u00f6glicht die regelm\u00e4\u00dfige \u00dcberpr\u00fcfung der Ziele und die Beschaffung von Informationen, Fachleuten und wirtschaftlichen Ressourcen, die zur Erreichung dieser Ziele erforderlich sind. Es akzeptiert die Einhaltung der\u00a0<strong>ISO 9001: 2015, ISO 14001: 2015, ISO 45001: 2018 und ISO 10002: 2018\u00a0<\/strong>als Grundvoraussetzung f\u00fcr alle seine gesetzlichen und sonstigen Anforderungen.<\/p>\n<p>Sie entwickelt ihre Mitarbeiter mit einem menschlich orientierten Ansatz und \u00fcbernimmt eine Unternehmenskultur, die das Qualit\u00e4tsbewusstsein und die hinterfragende Perspektive bei jeder T\u00e4tigkeit ber\u00fccksichtigt. Sie sorgt f\u00fcr eine kontinuierliche Entwicklung mit dem Ziel der Wettbewerbsf\u00e4higkeit, um sicherzustellen, dass die Standards in der gesamten Wertsch\u00f6pfungskette Weltklasse sind. Gemeinsam mit all seinen Partnern erf\u00fcllt das Unternehmen die Anforderungen seiner sozialen Verantwortung und erbringt seine Dienstleistungen in einer Weise, die eine nachhaltige Nutzung der nat\u00fcrlichen Ressourcen unterst\u00fctzt.<\/p>\n<p><img loading=\"lazy\" decoding=\"async\" class=\"alignnone wp-image-45 size-medium\" src=\"https:\/\/www.dokumedical.com\/de\/wp-content\/uploads\/2022\/11\/doku-medical-entry.jpg\" alt=\"\" width=\"700\" height=\"350\" title=\"\"><\/p>\n<h2>Unsere Dienstleistungen<\/h2>\n<p>Die Anerkennung der T\u00fcrkei als &#8222;Hauptstadt des Medizintourismus&#8220; weltweit tr\u00e4gt ebenfalls positiv zu den Dienstleistungen von Doku Clinic auf internationalem Niveau bei. Sie bietet Menschen, die aus dem Ausland in die Klinik kommen, einen umfassenden Service. Die Servicepakete beinhalten den Flughafentransfer, die Unterbringung in Vier-Sterne-Hotels und den Transport zur und von der Klinik. Gleichzeitig werden alle B\u00fcrgerinnen und B\u00fcrger der Welt ab der Online-Sitzung zu Beginn des Prozesses mit \u00dcbersetzern in Kontakt gebracht, mit denen sie in ihrer Sprache kommunizieren k\u00f6nnen. Auf diese Weise wird den Menschen unendlicher Komfort und ein sicherer, klarer und verst\u00e4ndlicher Prozess geboten.<\/p>\n<p>Doku Clinic bietet seinen Patienten au\u00dferdem einen lebenslangen Kundenservice. Auch nach der R\u00fcckkehr in ihr Heimatland wird der aktuelle Status der Patienten stets \u00fcberpr\u00fcft, und die Mitarbeiter der Nachsorge sind f\u00fcr den Prozess, den jeder Patient durchl\u00e4uft, verantwortlich.<\/p>\n<p>Unter all diesen Rahmenbedingungen plant Doku Clinic, das Dienstleistungen im Bereich der medizinischen \u00c4sthetik und der plastischen Chirurgie anbietet, den Prozess von Anfang bis Ende professionell und setzt sich daf\u00fcr ein, dass die Besucher Istanbul gl\u00fccklich verlassen<\/p>\n<p><img loading=\"lazy\" decoding=\"async\" class=\"aligncenter size-medium wp-image-1813\" src=\"https:\/\/www.dokuclinic.com\/de\/wp-content\/uploads\/2023\/01\/PNdRB5WY.jpg\" alt=\"\" width=\"700\" height=\"350\" title=\"\" srcset=\"https:\/\/www.dokuclinic.com\/wp-content\/uploads\/2023\/01\/PNdRB5WY.jpg 1181w, https:\/\/www.dokuclinic.com\/wp-content\/uploads\/2023\/01\/PNdRB5WY-300x150.jpg 300w, https:\/\/www.dokuclinic.com\/wp-content\/uploads\/2023\/01\/PNdRB5WY-1024x512.jpg 1024w, https:\/\/www.dokuclinic.com\/wp-content\/uploads\/2023\/01\/PNdRB5WY-768x384.jpg 768w\" sizes=\"auto, (max-width: 700px) 100vw, 700px\" \/><\/p>\n","protected":false},"excerpt":{"rendered":"<p>Doku Clinic verbindet Kunst und Sch\u00f6nheit in Istanbul! Es bietet alles, was Sie brauchen, mit sicheren, sterilisierten und lebensver\u00e4ndernden Operationen. ine sch\u00f6ne Note f\u00fcr die Welt: Doku Clinic Doku Clinic bietet in seiner 5.000 m2 gro\u00dfen Klinik in \u015ei\u015fli, dem Zentrum Istanbuls, A+ Dienstleistungen im Bereich der medizinischen \u00c4sthetik und der plastischen Chirurgie. Mit 400 [&hellip;]<\/p>\n","protected":false},"author":1,"featured_media":0,"parent":0,"menu_order":0,"comment_status":"closed","ping_status":"closed","template":"","meta":{"footnotes":""},"class_list":["post-20804","page","type-page","status-publish","hentry"],"_links":{"self":[{"href":"https:\/\/www.dokuclinic.com\/de\/wp-json\/wp\/v2\/pages\/20804","targetHints":{"allow":["GET"]}}],"collection":[{"href":"https:\/\/www.dokuclinic.com\/de\/wp-json\/wp\/v2\/pages"}],"about":[{"href":"https:\/\/www.dokuclinic.com\/de\/wp-json\/wp\/v2\/types\/page"}],"author":[{"embeddable":true,"href":"https:\/\/www.dokuclinic.com\/de\/wp-json\/wp\/v2\/users\/1"}],"replies":[{"embeddable":true,"href":"https:\/\/www.dokuclinic.com\/de\/wp-json\/wp\/v2\/comments?post=20804"}],"version-history":[{"count":0,"href":"https:\/\/www.dokuclinic.com\/de\/wp-json\/wp\/v2\/pages\/20804\/revisions"}],"wp:attachment":[{"href":"https:\/\/www.dokuclinic.com\/de\/wp-json\/wp\/v2\/media?parent=20804"}],"curies":[{"name":"wp","href":"https:\/\/api.w.org\/{rel}","templated":true}]}}